{"id":2479,"date":"2016-05-10T03:48:21","date_gmt":"2016-05-10T03:48:21","guid":{"rendered":"https:\/\/www.gannetdesign.com\/?page_id=2479"},"modified":"2022-11-04T08:45:31","modified_gmt":"2022-11-04T07:45:31","slug":"sample-page","status":"publish","type":"page","link":"https:\/\/www.gannetdesign.com\/?page_id=2479&lang=de","title":{"rendered":"Startseite"},"content":{"rendered":"\n<figure class=\"wp-block-gallery has-nested-images columns-default is-cropped wp-block-gallery-1 is-layout-flex wp-block-gallery-is-layout-flex\"><\/figure>\n\n\n\n<div class=\"wp-block-columns is-layout-flex wp-container-core-columns-is-layout-9d6595d7 wp-block-columns-is-layout-flex\">\n<div class=\"wp-block-column is-layout-flow wp-block-column-is-layout-flow\">\n<figure class=\"wp-block-image size-large\"><img loading=\"lazy\" decoding=\"async\" width=\"1024\" height=\"501\" src=\"https:\/\/www.gannetdesign.com\/wp-content\/uploads\/\/Arctos-1024x501.jpg\" alt=\"\" class=\"wp-image-3425\" srcset=\"https:\/\/www.gannetdesign.com\/wp-content\/uploads\/Arctos-1024x501.jpg 1024w, https:\/\/www.gannetdesign.com\/wp-content\/uploads\/Arctos-300x147.jpg 300w, https:\/\/www.gannetdesign.com\/wp-content\/uploads\/Arctos.jpg 1454w\" sizes=\"auto, (max-width: 1024px) 100vw, 1024px\" \/><\/figure>\n<\/div>\n\n\n\n<div class=\"wp-block-column is-layout-flow wp-block-column-is-layout-flow\">\n<figure class=\"wp-block-image size-large\"><img loading=\"lazy\" decoding=\"async\" width=\"1024\" height=\"501\" src=\"https:\/\/www.gannetdesign.com\/wp-content\/uploads\/\/Lamp-1024x501.jpg\" alt=\"\" class=\"wp-image-3427\" srcset=\"https:\/\/www.gannetdesign.com\/wp-content\/uploads\/Lamp-1024x501.jpg 1024w, https:\/\/www.gannetdesign.com\/wp-content\/uploads\/Lamp-300x147.jpg 300w, https:\/\/www.gannetdesign.com\/wp-content\/uploads\/Lamp.jpg 1454w\" sizes=\"auto, (max-width: 1024px) 100vw, 1024px\" \/><\/figure>\n<\/div>\n\n\n\n<div class=\"wp-block-column is-layout-flow wp-block-column-is-layout-flow\">\n<figure class=\"wp-block-image size-large\"><img loading=\"lazy\" decoding=\"async\" width=\"1024\" height=\"501\" src=\"https:\/\/www.gannetdesign.com\/wp-content\/uploads\/\/Concept-art-2-1024x501.jpg\" alt=\"\" class=\"wp-image-3429\" srcset=\"https:\/\/www.gannetdesign.com\/wp-content\/uploads\/Concept-art-2-1024x501.jpg 1024w, https:\/\/www.gannetdesign.com\/wp-content\/uploads\/Concept-art-2-300x147.jpg 300w, https:\/\/www.gannetdesign.com\/wp-content\/uploads\/Concept-art-2.jpg 1454w\" sizes=\"auto, (max-width: 1024px) 100vw, 1024px\" \/><\/figure>\n<\/div>\n<\/div>\n\n\n<div class=\"gmail_default\"><strong><span style=\"color: #e5a21b;\">industrial design<br><\/span><\/strong><span title=\"\">GANNET Design entwickeln <a href=\"https:\/\/www.gannetdesign.com\/?page_id=2503&amp;lang=de\"><strong>Motorrad-<\/strong><\/a>, <a href=\"https:\/\/www.gannetdesign.com\/?page_id=2506&amp;lang=de\"><strong>Automobil-<\/strong><\/a> und<strong> <a href=\"https:\/\/www.gannetdesign.com\/?page_id=2545&amp;lang=de\">Produktdesign<\/a><\/strong> f\u00fcr Firmen- und Privatkunden.<\/span><br><span title=\"\">Wir entwickeln Designkonzepte, Skizzen, Illustrationen f\u00fcr diejenigen, die nach einem ma\u00dfgeschneiderten Design suchen, und bauen <span class=\"gmail_default\">Custom-<\/span>Motorr\u00e4der.<br>Wir bieten Designentwicklungen f\u00fcr Lifestyle- und Luxusprodukte sowie alles, was mit Geschwindigkeit, Pr\u00e4zision, Technik und Handwerkskunst zu tun hat.<\/span><\/div>\n<div style=\"width: 96%; float: left; background-color: #hex; margin-left: 8px; padding: 12px;\">&nbsp;<\/div>\n\n\n<div class=\"wp-block-group\"><div class=\"wp-block-group__inner-container is-layout-flow wp-block-group-is-layout-flow\">\n<p><\/p>\n\n\n\n<p><strong><a href=\"https:\/\/www.gannetdesign.com\/?page_id=2490&amp;lang=de\">brand strategy &amp; graphics<\/a><\/strong> <br>Wir verstehen Markenkultur und helfen Ihnen, starke Marken aufzubauen, die begeistern. <br>Unsere Mission ist es, Markenstrategien und visuelle L\u00f6sungen zu entwickeln, \u200bwelche die Werte und die Pers\u00f6nlichkeit Ihres Unternehmens optimal kommunizieren und das Potenzial Ihres Unternehmens f\u00fcr den Aufbau einer dauerhaften Beziehung zu Ihren Kunden aussch\u00f6pfen. <br>Wir kreieren eine frische und starke Designsprache, um Ihren Wettbewerbsvorteil auf dem Markt zu steigern und Ihr Unternehmen \/ Ihre Marke auf die n\u00e4chste Stufe zu heben.   &#8211;  <strong><a href=\"https:\/\/www.gannetdesign.com\/?page_id=2490&amp;lang=de\">weiter<\/a> <\/strong> &#8211;<\/p>\n<\/div><\/div>\n\n\n\n<h2 class=\"has-text-align-center wp-block-heading\">Kreativ-Agentur f\u00fcr Startups, kleine und mittelst\u00e4ndische Unternehmen <\/h2>\n\n\n\n<hr class=\"wp-block-separator has-css-opacity\"\/>\n\n\n\n<div class=\"wp-block-buttons is-horizontal is-content-justification-center is-layout-flex wp-container-core-buttons-is-layout-499968f5 wp-block-buttons-is-layout-flex\">\n<div class=\"wp-block-button is-style-fill\"><a class=\"wp-block-button__link has-black-color has-luminous-vivid-amber-background-color has-text-color has-background wp-element-button\" href=\"https:\/\/www.gannetdesign.com\/?page_id=2719&amp;lang=de\">let&#8217;s connect<\/a><\/div>\n<\/div>\n\n\n\n<p><\/p>\n\n\n\n<hr class=\"wp-block-separator has-css-opacity\"\/>\n\n\n\n<p><strong>News:<\/strong><\/p>\n\n\n\n<figure class=\"wp-block-image size-large\"><a href=\"https:\/\/bikebrewers.com\/happy-go-naked-indian-ftr-tracker-by-arctos-collection\/\" target=\"_blank\" rel=\"noreferrer noopener\"><img loading=\"lazy\" decoding=\"async\" width=\"1024\" height=\"298\" src=\"https:\/\/www.gannetdesign.com\/wp-content\/uploads\/\/Indian-2-1024x298.jpg\" alt=\"\" class=\"wp-image-3487\" srcset=\"https:\/\/www.gannetdesign.com\/wp-content\/uploads\/Indian-2-1024x298.jpg 1024w, https:\/\/www.gannetdesign.com\/wp-content\/uploads\/Indian-2-300x87.jpg 300w, https:\/\/www.gannetdesign.com\/wp-content\/uploads\/Indian-2.jpg 1404w\" sizes=\"auto, (max-width: 1024px) 100vw, 1024px\" \/><\/a><\/figure>\n\n\n\n<div style=\"height:8px\" aria-hidden=\"true\" class=\"wp-block-spacer\"><\/div>\n\n\n\n<figure class=\"wp-block-image size-large\"><a href=\"https:\/\/www.bikeexif.com\/indian-ftr-1200-custom\" target=\"_blank\" rel=\"noreferrer noopener\"><img loading=\"lazy\" decoding=\"async\" width=\"1024\" height=\"298\" src=\"https:\/\/www.gannetdesign.com\/wp-content\/uploads\/\/Indian-1-1024x298.jpg\" alt=\"\" class=\"wp-image-3435\" srcset=\"https:\/\/www.gannetdesign.com\/wp-content\/uploads\/Indian-1-1024x298.jpg 1024w, https:\/\/www.gannetdesign.com\/wp-content\/uploads\/Indian-1-300x87.jpg 300w, https:\/\/www.gannetdesign.com\/wp-content\/uploads\/Indian-1.jpg 1404w\" sizes=\"auto, (max-width: 1024px) 100vw, 1024px\" \/><\/a><\/figure>\n\n\n\n<div style=\"height:8px\" aria-hidden=\"true\" class=\"wp-block-spacer\"><\/div>\n\n\n\n<figure class=\"wp-block-image size-large\"><a href=\"https:\/\/www.gannetdesign.com\/?page_id=1401\"><img loading=\"lazy\" decoding=\"async\" width=\"800\" height=\"167\" src=\"https:\/\/www.gannetdesign.com\/wp-content\/uploads\/CB1000R.jpg\" alt=\"\" class=\"wp-image-1941\" srcset=\"https:\/\/www.gannetdesign.com\/wp-content\/uploads\/CB1000R.jpg 800w, https:\/\/www.gannetdesign.com\/wp-content\/uploads\/CB1000R-300x63.jpg 300w\" sizes=\"auto, (max-width: 800px) 100vw, 800px\" \/><\/a><\/figure>\n\n\n\n<div style=\"height:8px\" aria-hidden=\"true\" class=\"wp-block-spacer\"><\/div>\n\n\n\n<p><strong>Media:<\/strong><\/p>\n\n\n\n<figure class=\"wp-block-image size-large\"><a href=\"https:\/\/www.pipeburn.com\/home\/2019\/03\/12\/honda-cb1000r-racer.html\"><img loading=\"lazy\" decoding=\"async\" width=\"581\" height=\"177\" src=\"https:\/\/www.gannetdesign.com\/wp-content\/uploads\/Pipeburn-Honda-1.jpg\" alt=\"\" class=\"wp-image-1946\" srcset=\"https:\/\/www.gannetdesign.com\/wp-content\/uploads\/Pipeburn-Honda-1.jpg 581w, https:\/\/www.gannetdesign.com\/wp-content\/uploads\/Pipeburn-Honda-1-300x91.jpg 300w\" sizes=\"auto, (max-width: 581px) 100vw, 581px\" \/><\/a><\/figure>\n\n\n\n<figure class=\"wp-block-image size-large\"><a href=\"https:\/\/www.designboom.com\/design\/gannet-design-fuhrer-moto-moto-guzzi-v9-retro-racer-06-21-2018\/\"><img loading=\"lazy\" decoding=\"async\" width=\"581\" height=\"177\" src=\"https:\/\/www.gannetdesign.com\/wp-content\/uploads\/Dboom2.jpg\" alt=\"\" class=\"wp-image-2277\" srcset=\"https:\/\/www.gannetdesign.com\/wp-content\/uploads\/Dboom2.jpg 581w, https:\/\/www.gannetdesign.com\/wp-content\/uploads\/Dboom2-300x91.jpg 300w\" sizes=\"auto, (max-width: 581px) 100vw, 581px\" \/><\/a><\/figure>\n\n\n\n<p> <\/p>\n\n\n\n<p> <\/p>\n\n\n\n<p>Weitere Medienartikel finden Sie unter <a href=\"https:\/\/www.gannetdesign.com\/?page_id=44\">Media<\/a> tab<\/p>\n","protected":false},"excerpt":{"rendered":"<p>industrial designGANNET Design entwickeln Motorrad-, Automobil- und Produktdesign f\u00fcr Firmen- und Privatkunden.Wir entwickeln Designkonzepte, Skizzen, Illustrationen f\u00fcr diejenigen, die nach einem ma\u00dfgeschneiderten Design suchen, und bauen Custom-Motorr\u00e4der.Wir bieten Designentwicklungen f\u00fcr <a class=\"more-link\" href=\"https:\/\/www.gannetdesign.com\/?page_id=2479&#038;lang=de\">read more \u2192<\/a><\/p>\n","protected":false},"author":1,"featured_media":0,"parent":0,"menu_order":2,"comment_status":"closed","ping_status":"open","template":"","meta":{"footnotes":""},"class_list":["post-2479","page","type-page","status-publish","hentry"],"_links":{"self":[{"href":"https:\/\/www.gannetdesign.com\/index.php?rest_route=\/wp\/v2\/pages\/2479","targetHints":{"allow":["GET"]}}],"collection":[{"href":"https:\/\/www.gannetdesign.com\/index.php?rest_route=\/wp\/v2\/pages"}],"about":[{"href":"https:\/\/www.gannetdesign.com\/index.php?rest_route=\/wp\/v2\/types\/page"}],"author":[{"embeddable":true,"href":"https:\/\/www.gannetdesign.com\/index.php?rest_route=\/wp\/v2\/users\/1"}],"replies":[{"embeddable":true,"href":"https:\/\/www.gannetdesign.com\/index.php?rest_route=%2Fwp%2Fv2%2Fcomments&post=2479"}],"version-history":[{"count":45,"href":"https:\/\/www.gannetdesign.com\/index.php?rest_route=\/wp\/v2\/pages\/2479\/revisions"}],"predecessor-version":[{"id":3497,"href":"https:\/\/www.gannetdesign.com\/index.php?rest_route=\/wp\/v2\/pages\/2479\/revisions\/3497"}],"wp:attachment":[{"href":"https:\/\/www.gannetdesign.com\/index.php?rest_route=%2Fwp%2Fv2%2Fmedia&parent=2479"}],"curies":[{"name":"wp","href":"https:\/\/api.w.org\/{rel}","templated":true}]}}