{"id":2503,"date":"2020-02-01T16:25:18","date_gmt":"2020-02-01T15:25:18","guid":{"rendered":"https:\/\/www.gannetdesign.com\/?page_id=2503"},"modified":"2020-07-24T10:12:44","modified_gmt":"2020-07-24T08:12:44","slug":"motorcycles","status":"publish","type":"page","link":"https:\/\/www.gannetdesign.com\/?page_id=2503&lang=de","title":{"rendered":"Motorrad"},"content":{"rendered":"\n<p>Im Motorrad-Design reicht das Know-how von GANNET Design von Konzepten bis hin zu Serienmodellen, sowie Caferacern und ma\u00dfgeschneiderten Motorr\u00e4dern f\u00fcr anspruchsvolle Kunden.<\/p>\n\n\n\n<p>Wir freuen uns von Dir zu h\u00f6ren:  <strong><a href=\"https:\/\/www.gannetdesign.com\/?page_id=47\">Let\u2019s connect<\/a><\/strong><\/p>\n\n\n\n<figure class=\"wp-block-image size-large\"><img loading=\"lazy\" decoding=\"async\" width=\"800\" height=\"167\" src=\"https:\/\/www.gannetdesign.com\/wp-content\/uploads\/Motorcycle-header.jpg\" alt=\"\" class=\"wp-image-2016\" srcset=\"https:\/\/www.gannetdesign.com\/wp-content\/uploads\/Motorcycle-header.jpg 800w, https:\/\/www.gannetdesign.com\/wp-content\/uploads\/Motorcycle-header-300x63.jpg 300w\" sizes=\"auto, (max-width: 800px) 100vw, 800px\" \/><\/figure>\n\n\n\n<figure class=\"wp-block-gallery columns-3 is-cropped wp-block-gallery-1 is-layout-flex wp-block-gallery-is-layout-flex\"><ul class=\"blocks-gallery-grid\"><li class=\"blocks-gallery-item\"><figure><img loading=\"lazy\" decoding=\"async\" width=\"1024\" height=\"501\" src=\"https:\/\/www.gannetdesign.com\/wp-content\/uploads\/\/Ducati-Dario-1-1024x501.jpg\" alt=\"\" data-id=\"1576\" data-full-url=\"https:\/\/www.gannetdesign.com\/wp-content\/uploads\/Ducati-Dario-1.jpg\" data-link=\"https:\/\/www.gannetdesign.com\/?attachment_id=1576#main\" class=\"wp-image-1576\" srcset=\"https:\/\/www.gannetdesign.com\/wp-content\/uploads\/Ducati-Dario-1-1024x501.jpg 1024w, https:\/\/www.gannetdesign.com\/wp-content\/uploads\/Ducati-Dario-1-300x147.jpg 300w, https:\/\/www.gannetdesign.com\/wp-content\/uploads\/Ducati-Dario-1.jpg 1454w\" sizes=\"auto, (max-width: 1024px) 100vw, 1024px\" \/><\/figure><\/li><li class=\"blocks-gallery-item\"><figure><img loading=\"lazy\" decoding=\"async\" width=\"1024\" height=\"501\" src=\"https:\/\/www.gannetdesign.com\/wp-content\/uploads\/\/Honda1000R-1024x501.jpg\" alt=\"\" data-id=\"1399\" data-full-url=\"https:\/\/www.gannetdesign.com\/wp-content\/uploads\/Honda1000R.jpg\" data-link=\"https:\/\/www.gannetdesign.com\/?attachment_id=1399#main\" class=\"wp-image-1399\" srcset=\"https:\/\/www.gannetdesign.com\/wp-content\/uploads\/Honda1000R-1024x501.jpg 1024w, https:\/\/www.gannetdesign.com\/wp-content\/uploads\/Honda1000R-300x147.jpg 300w, https:\/\/www.gannetdesign.com\/wp-content\/uploads\/Honda1000R.jpg 1454w\" sizes=\"auto, (max-width: 1024px) 100vw, 1024px\" \/><\/figure><\/li><li class=\"blocks-gallery-item\"><figure><img loading=\"lazy\" decoding=\"async\" width=\"1024\" height=\"501\" src=\"https:\/\/www.gannetdesign.com\/wp-content\/uploads\/\/V9-ad-e1532684633410-1024x501.jpg\" alt=\"\" data-id=\"1135\" data-full-url=\"https:\/\/www.gannetdesign.com\/wp-content\/uploads\/V9-ad-e1532684633410.jpg\" data-link=\"https:\/\/www.gannetdesign.com\/?attachment_id=1135#main\" class=\"wp-image-1135\" srcset=\"https:\/\/www.gannetdesign.com\/wp-content\/uploads\/V9-ad-e1532684633410-1024x501.jpg 1024w, https:\/\/www.gannetdesign.com\/wp-content\/uploads\/V9-ad-e1532684633410-300x147.jpg 300w, https:\/\/www.gannetdesign.com\/wp-content\/uploads\/V9-ad-e1532684633410.jpg 1454w\" sizes=\"auto, (max-width: 1024px) 100vw, 1024px\" \/><\/figure><\/li><\/ul><\/figure>\n\n\n\n<hr class=\"wp-block-separator\"\/>\n\n\n<p>Bespoke motorcycles by brand:<\/p>\n<p><a href=\"https:\/\/www.gannetdesign.com\/?page_id=1351\"><img loading=\"lazy\" decoding=\"async\" class=\"alignleft wp-image-2017 size-full\" src=\"http:\/\/www.gannetdesign.com\/wp-content\/uploads\/B-Ducati.jpg\" alt=\"B Ducati\" width=\"800\" height=\"98\" srcset=\"https:\/\/www.gannetdesign.com\/wp-content\/uploads\/B-Ducati.jpg 800w, https:\/\/www.gannetdesign.com\/wp-content\/uploads\/B-Ducati-300x37.jpg 300w\" sizes=\"auto, (max-width: 800px) 100vw, 800px\" \/><\/a><a href=\"https:\/\/www.gannetdesign.com\/?page_id=3081&amp;lang=de\"><img loading=\"lazy\" decoding=\"async\" class=\"alignleft wp-image-2376 size-full\" src=\"http:\/\/www.gannetdesign.com\/wp-content\/uploads\/B-Honda.jpg\" alt=\"\" width=\"800\" height=\"98\" srcset=\"https:\/\/www.gannetdesign.com\/wp-content\/uploads\/B-Honda.jpg 800w, https:\/\/www.gannetdesign.com\/wp-content\/uploads\/B-Honda-300x37.jpg 300w\" sizes=\"auto, (max-width: 800px) 100vw, 800px\" \/><\/a><a href=\"https:\/\/www.gannetdesign.com\/?page_id=93\"><img loading=\"lazy\" decoding=\"async\" class=\"alignleft wp-image-2021 size-full\" src=\"http:\/\/www.gannetdesign.com\/wp-content\/uploads\/B-Moto-Guzzi.jpg\" alt=\"\" width=\"800\" height=\"98\" srcset=\"https:\/\/www.gannetdesign.com\/wp-content\/uploads\/B-Moto-Guzzi.jpg 800w, https:\/\/www.gannetdesign.com\/wp-content\/uploads\/B-Moto-Guzzi-300x37.jpg 300w\" sizes=\"auto, (max-width: 800px) 100vw, 800px\" \/><\/a><\/p>\n<p><a href=\"https:\/\/www.gannetdesign.com\/?page_id=1348\"><img loading=\"lazy\" decoding=\"async\" class=\"alignleft wp-image-2018 size-full\" src=\"http:\/\/www.gannetdesign.com\/wp-content\/uploads\/B-BMW.jpg\" alt=\"B BMW\" width=\"800\" height=\"98\" srcset=\"https:\/\/www.gannetdesign.com\/wp-content\/uploads\/B-BMW.jpg 800w, https:\/\/www.gannetdesign.com\/wp-content\/uploads\/B-BMW-300x37.jpg 300w\" sizes=\"auto, (max-width: 800px) 100vw, 800px\" \/><\/a><\/p>\n<p><a href=\"http:\/\/www.gannetdesign.com\/?page_id=87\"><img loading=\"lazy\" decoding=\"async\" class=\"alignleft wp-image-2019 size-full\" src=\"http:\/\/www.gannetdesign.com\/wp-content\/uploads\/B-Triumph.jpg\" alt=\"B Triumph\" width=\"800\" height=\"98\" srcset=\"https:\/\/www.gannetdesign.com\/wp-content\/uploads\/B-Triumph.jpg 800w, https:\/\/www.gannetdesign.com\/wp-content\/uploads\/B-Triumph-300x37.jpg 300w\" sizes=\"auto, (max-width: 800px) 100vw, 800px\" \/><br \/><\/a><\/p>\n<p><a href=\"http:\/\/www.gannetdesign.com\/?page_id=90\"><img loading=\"lazy\" decoding=\"async\" class=\"alignleft wp-image-2020 size-full\" src=\"http:\/\/www.gannetdesign.com\/wp-content\/uploads\/B-MV-Agusta.jpg\" alt=\"B MV Agusta\" width=\"800\" height=\"98\" srcset=\"https:\/\/www.gannetdesign.com\/wp-content\/uploads\/B-MV-Agusta.jpg 800w, https:\/\/www.gannetdesign.com\/wp-content\/uploads\/B-MV-Agusta-300x37.jpg 300w\" sizes=\"auto, (max-width: 800px) 100vw, 800px\" \/><br \/><\/a><a href=\"http:\/\/www.gannetdesign.com\/?page_id=96\"><img loading=\"lazy\" decoding=\"async\" class=\"alignleft wp-image-2022 size-full\" src=\"http:\/\/www.gannetdesign.com\/wp-content\/uploads\/B-Kawasaki.jpg\" alt=\"B Kawasaki\" width=\"800\" height=\"98\" srcset=\"https:\/\/www.gannetdesign.com\/wp-content\/uploads\/B-Kawasaki.jpg 800w, https:\/\/www.gannetdesign.com\/wp-content\/uploads\/B-Kawasaki-300x37.jpg 300w\" sizes=\"auto, (max-width: 800px) 100vw, 800px\" \/><br \/><\/a><\/p>\n<p><a href=\"http:\/\/www.gannetdesign.com\/?page_id=99\"><img loading=\"lazy\" decoding=\"async\" class=\"alignleft wp-image-2023 size-full\" src=\"http:\/\/www.gannetdesign.com\/wp-content\/uploads\/B-Yamaha.jpg\" alt=\"B Yamaha\" width=\"800\" height=\"98\" srcset=\"https:\/\/www.gannetdesign.com\/wp-content\/uploads\/B-Yamaha.jpg 800w, https:\/\/www.gannetdesign.com\/wp-content\/uploads\/B-Yamaha-300x37.jpg 300w\" sizes=\"auto, (max-width: 800px) 100vw, 800px\" \/><\/a><a href=\"https:\/\/www.gannetdesign.com\/?page_id=1588\"><img loading=\"lazy\" decoding=\"async\" class=\"alignleft wp-image-2438 size-full\" src=\"http:\/\/www.gannetdesign.com\/wp-content\/uploads\/B-RE.jpg\" alt=\"\" width=\"800\" height=\"98\" srcset=\"https:\/\/www.gannetdesign.com\/wp-content\/uploads\/B-RE.jpg 800w, https:\/\/www.gannetdesign.com\/wp-content\/uploads\/B-RE-300x37.jpg 300w\" sizes=\"auto, (max-width: 800px) 100vw, 800px\" \/><\/a><\/p>\n<p><a href=\"http:\/\/www.gannetdesign.com\/?page_id=102\"><img loading=\"lazy\" decoding=\"async\" class=\"alignleft wp-image-2024 size-full\" src=\"http:\/\/www.gannetdesign.com\/wp-content\/uploads\/B-Suzuki.jpg\" alt=\"B Suzuki\" width=\"800\" height=\"98\" srcset=\"https:\/\/www.gannetdesign.com\/wp-content\/uploads\/B-Suzuki.jpg 800w, https:\/\/www.gannetdesign.com\/wp-content\/uploads\/B-Suzuki-300x37.jpg 300w\" sizes=\"auto, (max-width: 800px) 100vw, 800px\" \/><br \/><\/a><\/p>\n<p><a href=\"http:\/\/www.gannetdesign.com\/?page_id=105\"><img loading=\"lazy\" decoding=\"async\" class=\"alignleft wp-image-2025 size-full\" src=\"http:\/\/www.gannetdesign.com\/wp-content\/uploads\/B-Electric.jpg\" alt=\"B Electric\" width=\"800\" height=\"98\" srcset=\"https:\/\/www.gannetdesign.com\/wp-content\/uploads\/B-Electric.jpg 800w, https:\/\/www.gannetdesign.com\/wp-content\/uploads\/B-Electric-300x37.jpg 300w\" sizes=\"auto, (max-width: 800px) 100vw, 800px\" \/> <\/a><\/p>\n<p>\u00a0<\/p>\n\n\n<hr class=\"wp-block-separator\"\/>\n","protected":false},"excerpt":{"rendered":"<p>Im Motorrad-Design reicht das Know-how von GANNET Design von Konzepten bis hin zu Serienmodellen, sowie Caferacern und ma\u00dfgeschneiderten Motorr\u00e4dern f\u00fcr anspruchsvolle Kunden. Wir freuen uns von Dir zu h\u00f6ren: Let\u2019s <a class=\"more-link\" href=\"https:\/\/www.gannetdesign.com\/?page_id=2503&#038;lang=de\">read more \u2192<\/a><\/p>\n","protected":false},"author":2,"featured_media":0,"parent":0,"menu_order":3,"comment_status":"closed","ping_status":"closed","template":"","meta":{"footnotes":""},"class_list":["post-2503","page","type-page","status-publish","hentry"],"_links":{"self":[{"href":"https:\/\/www.gannetdesign.com\/index.php?rest_route=\/wp\/v2\/pages\/2503","targetHints":{"allow":["GET"]}}],"collection":[{"href":"https:\/\/www.gannetdesign.com\/index.php?rest_route=\/wp\/v2\/pages"}],"about":[{"href":"https:\/\/www.gannetdesign.com\/index.php?rest_route=\/wp\/v2\/types\/page"}],"author":[{"embeddable":true,"href":"https:\/\/www.gannetdesign.com\/index.php?rest_route=\/wp\/v2\/users\/2"}],"replies":[{"embeddable":true,"href":"https:\/\/www.gannetdesign.com\/index.php?rest_route=%2Fwp%2Fv2%2Fcomments&post=2503"}],"version-history":[{"count":4,"href":"https:\/\/www.gannetdesign.com\/index.php?rest_route=\/wp\/v2\/pages\/2503\/revisions"}],"predecessor-version":[{"id":3084,"href":"https:\/\/www.gannetdesign.com\/index.php?rest_route=\/wp\/v2\/pages\/2503\/revisions\/3084"}],"wp:attachment":[{"href":"https:\/\/www.gannetdesign.com\/index.php?rest_route=%2Fwp%2Fv2%2Fmedia&parent=2503"}],"curies":[{"name":"wp","href":"https:\/\/api.w.org\/{rel}","templated":true}]}}