{"id":2506,"date":"2016-05-23T11:05:42","date_gmt":"2016-05-23T11:05:42","guid":{"rendered":"https:\/\/www.gannetdesign.com\/?page_id=2506"},"modified":"2020-07-20T10:05:08","modified_gmt":"2020-07-20T08:05:08","slug":"automotive","status":"publish","type":"page","link":"https:\/\/www.gannetdesign.com\/?page_id=2506&lang=de","title":{"rendered":"Auto"},"content":{"rendered":"<p><img loading=\"lazy\" decoding=\"async\" class=\"alignleft size-full wp-image-338\" src=\"http:\/\/www.gannetdesign.com\/wp-content\/uploads\/Car-button.jpg\" alt=\"Car button\" width=\"800\" height=\"167\" srcset=\"https:\/\/www.gannetdesign.com\/wp-content\/uploads\/Car-button.jpg 800w, https:\/\/www.gannetdesign.com\/wp-content\/uploads\/Car-button-300x63.jpg 300w\" sizes=\"auto, (max-width: 800px) 100vw, 800px\" \/><\/p>\n<p><span class=\"tlid-translation translation\" lang=\"de\"><span title=\"\">Im Bereich Transportdesign verf\u00fcgt Ulfert Janssen \u00fcber mehr als 10 Jahre Erfahrung in der Zusammenarbeit mit gro\u00dfen Automobilherstellern. Dadurch kann GANNET anspruchsvollen Kunden in der Automobilindustrie hochwertige Dienstleistungen anbieten.<\/span><\/span><\/p>\n<p><span class=\"\" title=\"\">Bitte wenden Sie sich an mich, um das gesamte Portfolio von Autodesigns zu sehen.<\/span><\/p>\n<p>\u00a0<\/p>\n\n\n<hr class=\"wp-block-separator\"\/>\n\n\n\n<p class=\"has-text-color has-luminous-vivid-amber-color\">Interior<\/p>\n\n\n\n<figure class=\"wp-block-image size-large\"><img loading=\"lazy\" decoding=\"async\" width=\"1024\" height=\"720\" src=\"https:\/\/www.gannetdesign.com\/wp-content\/uploads\/FX-50-1-1.jpg\" alt=\"\" class=\"wp-image-2863\" srcset=\"https:\/\/www.gannetdesign.com\/wp-content\/uploads\/FX-50-1-1.jpg 1024w, https:\/\/www.gannetdesign.com\/wp-content\/uploads\/FX-50-1-1-300x211.jpg 300w\" sizes=\"auto, (max-width: 1024px) 100vw, 1024px\" \/><figcaption>Infiniti FX production model<\/figcaption><\/figure>\n\n\n\n<figure class=\"wp-block-gallery columns-2 is-cropped wp-block-gallery-1 is-layout-flex wp-block-gallery-is-layout-flex\"><ul class=\"blocks-gallery-grid\"><li class=\"blocks-gallery-item\"><figure><img loading=\"lazy\" decoding=\"async\" width=\"1024\" height=\"768\" src=\"https:\/\/www.gannetdesign.com\/wp-content\/uploads\/FX-50-3.jpg\" alt=\"\" data-id=\"2852\" data-full-url=\"https:\/\/www.gannetdesign.com\/wp-content\/uploads\/FX-50-3.jpg\" data-link=\"https:\/\/www.gannetdesign.com\/?attachment_id=2852&amp;lang=de#main\" class=\"wp-image-2852\" srcset=\"https:\/\/www.gannetdesign.com\/wp-content\/uploads\/FX-50-3.jpg 1024w, https:\/\/www.gannetdesign.com\/wp-content\/uploads\/FX-50-3-300x225.jpg 300w\" sizes=\"auto, (max-width: 1024px) 100vw, 1024px\" \/><\/figure><\/li><li class=\"blocks-gallery-item\"><figure><img loading=\"lazy\" decoding=\"async\" width=\"1024\" height=\"768\" src=\"https:\/\/www.gannetdesign.com\/wp-content\/uploads\/Fx-50-2.jpg\" alt=\"\" data-id=\"2850\" data-full-url=\"https:\/\/www.gannetdesign.com\/wp-content\/uploads\/Fx-50-2.jpg\" data-link=\"https:\/\/www.gannetdesign.com\/?attachment_id=2850&amp;lang=de#main\" class=\"wp-image-2850\" srcset=\"https:\/\/www.gannetdesign.com\/wp-content\/uploads\/Fx-50-2.jpg 1024w, https:\/\/www.gannetdesign.com\/wp-content\/uploads\/Fx-50-2-300x225.jpg 300w\" sizes=\"auto, (max-width: 1024px) 100vw, 1024px\" \/><\/figure><\/li><\/ul><\/figure>\n\n\n\n<figure class=\"wp-block-image size-large\"><img loading=\"lazy\" decoding=\"async\" width=\"1024\" height=\"683\" src=\"https:\/\/www.gannetdesign.com\/wp-content\/uploads\/\/FX-50-4-1024x683.jpg\" alt=\"\" class=\"wp-image-2854\" srcset=\"https:\/\/www.gannetdesign.com\/wp-content\/uploads\/FX-50-4-1024x683.jpg 1024w, https:\/\/www.gannetdesign.com\/wp-content\/uploads\/FX-50-4-300x200.jpg 300w, https:\/\/www.gannetdesign.com\/wp-content\/uploads\/FX-50-4-400x267.jpg 400w, https:\/\/www.gannetdesign.com\/wp-content\/uploads\/FX-50-4.jpg 1280w\" sizes=\"auto, (max-width: 1024px) 100vw, 1024px\" \/><figcaption>Infiniti FX special edition<\/figcaption><\/figure>\n\n\n\n<hr class=\"wp-block-separator\"\/>\n\n\n\n<p class=\"has-text-color has-luminous-vivid-amber-color\">Interior Design Skizzen<\/p>\n\n\n\n<figure class=\"wp-block-gallery columns-3 is-cropped wp-block-gallery-2 is-layout-flex wp-block-gallery-is-layout-flex\"><ul class=\"blocks-gallery-grid\"><li class=\"blocks-gallery-item\"><figure><img loading=\"lazy\" decoding=\"async\" width=\"1024\" height=\"769\" src=\"https:\/\/www.gannetdesign.com\/wp-content\/uploads\/\/PPT-025-1024x769.jpg\" alt=\"\" data-id=\"2897\" data-full-url=\"https:\/\/www.gannetdesign.com\/wp-content\/uploads\/PPT-025.jpg\" data-link=\"https:\/\/www.gannetdesign.com\/?attachment_id=2897&amp;lang=de#main\" class=\"wp-image-2897\" srcset=\"https:\/\/www.gannetdesign.com\/wp-content\/uploads\/PPT-025-1024x769.jpg 1024w, https:\/\/www.gannetdesign.com\/wp-content\/uploads\/PPT-025-300x225.jpg 300w, https:\/\/www.gannetdesign.com\/wp-content\/uploads\/PPT-025-1536x1153.jpg 1536w, https:\/\/www.gannetdesign.com\/wp-content\/uploads\/PPT-025-2048x1537.jpg 2048w\" sizes=\"auto, (max-width: 1024px) 100vw, 1024px\" \/><\/figure><\/li><li class=\"blocks-gallery-item\"><figure><img loading=\"lazy\" decoding=\"async\" width=\"1024\" height=\"745\" src=\"https:\/\/www.gannetdesign.com\/wp-content\/uploads\/\/inter-10B-s2-1024x745.jpg\" alt=\"\" data-id=\"2943\" data-full-url=\"https:\/\/www.gannetdesign.com\/wp-content\/uploads\/inter-10B-s2.jpg\" data-link=\"https:\/\/www.gannetdesign.com\/?attachment_id=2943&amp;lang=de\" class=\"wp-image-2943\" srcset=\"https:\/\/www.gannetdesign.com\/wp-content\/uploads\/inter-10B-s2-1024x745.jpg 1024w, https:\/\/www.gannetdesign.com\/wp-content\/uploads\/inter-10B-s2-300x218.jpg 300w, https:\/\/www.gannetdesign.com\/wp-content\/uploads\/inter-10B-s2.jpg 1169w\" sizes=\"auto, (max-width: 1024px) 100vw, 1024px\" \/><\/figure><\/li><li class=\"blocks-gallery-item\"><figure><img loading=\"lazy\" decoding=\"async\" width=\"1024\" height=\"769\" src=\"https:\/\/www.gannetdesign.com\/wp-content\/uploads\/\/PPT-024-1024x769.jpg\" alt=\"\" data-id=\"2895\" data-full-url=\"https:\/\/www.gannetdesign.com\/wp-content\/uploads\/PPT-024.jpg\" data-link=\"https:\/\/www.gannetdesign.com\/?attachment_id=2895&amp;lang=de#main\" class=\"wp-image-2895\" srcset=\"https:\/\/www.gannetdesign.com\/wp-content\/uploads\/PPT-024-1024x769.jpg 1024w, https:\/\/www.gannetdesign.com\/wp-content\/uploads\/PPT-024-300x225.jpg 300w, https:\/\/www.gannetdesign.com\/wp-content\/uploads\/PPT-024-1536x1153.jpg 1536w, https:\/\/www.gannetdesign.com\/wp-content\/uploads\/PPT-024-2048x1537.jpg 2048w\" sizes=\"auto, (max-width: 1024px) 100vw, 1024px\" \/><\/figure><\/li><\/ul><\/figure>\n\n\n\n<hr class=\"wp-block-separator\"\/>\n\n\n\n<p class=\"has-text-color has-luminous-vivid-amber-color\">Interior Design Rendering<\/p>\n\n\n\n<figure class=\"wp-block-image size-large\"><img loading=\"lazy\" decoding=\"async\" width=\"1024\" height=\"680\" src=\"https:\/\/www.gannetdesign.com\/wp-content\/uploads\/\/inter-13-1024x680.jpg\" alt=\"\" class=\"wp-image-2912\" srcset=\"https:\/\/www.gannetdesign.com\/wp-content\/uploads\/inter-13-1024x680.jpg 1024w, https:\/\/www.gannetdesign.com\/wp-content\/uploads\/inter-13-300x199.jpg 300w, https:\/\/www.gannetdesign.com\/wp-content\/uploads\/inter-13-400x267.jpg 400w, https:\/\/www.gannetdesign.com\/wp-content\/uploads\/inter-13.jpg 1169w\" sizes=\"auto, (max-width: 1024px) 100vw, 1024px\" \/><\/figure>\n\n\n\n<hr class=\"wp-block-separator\"\/>\n\n\n\n<p class=\"has-text-color has-luminous-vivid-amber-color\">Exterior<\/p>\n\n\n\n<figure class=\"wp-block-image size-large\"><img loading=\"lazy\" decoding=\"async\" width=\"1024\" height=\"558\" src=\"https:\/\/www.gannetdesign.com\/wp-content\/uploads\/\/Tandem-S-1024x558.jpg\" alt=\"\" class=\"wp-image-2856\" srcset=\"https:\/\/www.gannetdesign.com\/wp-content\/uploads\/Tandem-S-1024x558.jpg 1024w, https:\/\/www.gannetdesign.com\/wp-content\/uploads\/Tandem-S-300x164.jpg 300w, https:\/\/www.gannetdesign.com\/wp-content\/uploads\/Tandem-S.jpg 1181w\" sizes=\"auto, (max-width: 1024px) 100vw, 1024px\" \/><figcaption>slim tandem car \u2013 tandem cruiser<\/figcaption><\/figure>\n\n\n\n<figure class=\"wp-block-image size-large\"><img loading=\"lazy\" decoding=\"async\" width=\"1024\" height=\"949\" src=\"https:\/\/www.gannetdesign.com\/wp-content\/uploads\/\/c2-2-s-1024x949.jpg\" alt=\"\" class=\"wp-image-2858\" srcset=\"https:\/\/www.gannetdesign.com\/wp-content\/uploads\/c2-2-s-1024x949.jpg 1024w, https:\/\/www.gannetdesign.com\/wp-content\/uploads\/c2-2-s-300x278.jpg 300w, https:\/\/www.gannetdesign.com\/wp-content\/uploads\/c2-2-s.jpg 1181w\" sizes=\"auto, (max-width: 1024px) 100vw, 1024px\" \/><figcaption>micro car concept \u2013 m<\/figcaption><\/figure>\n\n\n\n<figure class=\"wp-block-image size-large\"><img loading=\"lazy\" decoding=\"async\" width=\"961\" height=\"830\" src=\"https:\/\/www.gannetdesign.com\/wp-content\/uploads\/Cityhopper2-s.jpg\" alt=\"\" class=\"wp-image-2860\" srcset=\"https:\/\/www.gannetdesign.com\/wp-content\/uploads\/Cityhopper2-s.jpg 961w, https:\/\/www.gannetdesign.com\/wp-content\/uploads\/Cityhopper2-s-300x259.jpg 300w\" sizes=\"auto, (max-width: 961px) 100vw, 961px\" \/><figcaption>micro vehicle ceoncept \u2013 city hopper<\/figcaption><\/figure>\n\n\n\n<hr class=\"wp-block-separator\"\/>\n\n\n\n<p class=\"has-text-color has-luminous-vivid-amber-color\">Custom Lackierung &amp; Folierung<\/p>\n\n\n\n<figure class=\"wp-block-image size-large\"><img loading=\"lazy\" decoding=\"async\" width=\"1024\" height=\"581\" src=\"https:\/\/www.gannetdesign.com\/wp-content\/uploads\/\/AMG-1-s-1024x581.jpg\" alt=\"\" class=\"wp-image-3069\" srcset=\"https:\/\/www.gannetdesign.com\/wp-content\/uploads\/AMG-1-s-1024x581.jpg 1024w, https:\/\/www.gannetdesign.com\/wp-content\/uploads\/AMG-1-s-300x170.jpg 300w, https:\/\/www.gannetdesign.com\/wp-content\/uploads\/AMG-1-s-1536x871.jpg 1536w, https:\/\/www.gannetdesign.com\/wp-content\/uploads\/AMG-1-s.jpg 1575w\" sizes=\"auto, (max-width: 1024px) 100vw, 1024px\" \/><figcaption>Custom Mercedes AMG GT \u2013 Petronas F1 2020<\/figcaption><\/figure>\n\n\n\n<hr class=\"wp-block-separator\"\/>\n\n\n\n<figure class=\"wp-block-image size-large\"><img loading=\"lazy\" decoding=\"async\" width=\"1024\" height=\"583\" src=\"https:\/\/www.gannetdesign.com\/wp-content\/uploads\/\/Evo-Camo-6B-s-1024x583.jpg\" alt=\"\" class=\"wp-image-3071\" srcset=\"https:\/\/www.gannetdesign.com\/wp-content\/uploads\/Evo-Camo-6B-s-1024x583.jpg 1024w, https:\/\/www.gannetdesign.com\/wp-content\/uploads\/Evo-Camo-6B-s-300x171.jpg 300w, https:\/\/www.gannetdesign.com\/wp-content\/uploads\/Evo-Camo-6B-s-1536x875.jpg 1536w, https:\/\/www.gannetdesign.com\/wp-content\/uploads\/Evo-Camo-6B-s.jpg 1575w\" sizes=\"auto, (max-width: 1024px) 100vw, 1024px\" \/><figcaption>Custom Design Lamborghini Huracan Evo Camouflage<\/figcaption><\/figure>\n","protected":false},"excerpt":{"rendered":"<p>Im Bereich Transportdesign verf\u00fcgt Ulfert Janssen \u00fcber mehr als 10 Jahre Erfahrung in der Zusammenarbeit mit gro\u00dfen Automobilherstellern. Dadurch kann GANNET anspruchsvollen Kunden in der Automobilindustrie hochwertige Dienstleistungen anbieten. Bitte <a class=\"more-link\" href=\"https:\/\/www.gannetdesign.com\/?page_id=2506&#038;lang=de\">read more \u2192<\/a><\/p>\n","protected":false},"author":1,"featured_media":0,"parent":0,"menu_order":4,"comment_status":"closed","ping_status":"closed","template":"","meta":{"footnotes":""},"class_list":["post-2506","page","type-page","status-publish","hentry"],"_links":{"self":[{"href":"https:\/\/www.gannetdesign.com\/index.php?rest_route=\/wp\/v2\/pages\/2506","targetHints":{"allow":["GET"]}}],"collection":[{"href":"https:\/\/www.gannetdesign.com\/index.php?rest_route=\/wp\/v2\/pages"}],"about":[{"href":"https:\/\/www.gannetdesign.com\/index.php?rest_route=\/wp\/v2\/types\/page"}],"author":[{"embeddable":true,"href":"https:\/\/www.gannetdesign.com\/index.php?rest_route=\/wp\/v2\/users\/1"}],"replies":[{"embeddable":true,"href":"https:\/\/www.gannetdesign.com\/index.php?rest_route=%2Fwp%2Fv2%2Fcomments&post=2506"}],"version-history":[{"count":22,"href":"https:\/\/www.gannetdesign.com\/index.php?rest_route=\/wp\/v2\/pages\/2506\/revisions"}],"predecessor-version":[{"id":3080,"href":"https:\/\/www.gannetdesign.com\/index.php?rest_route=\/wp\/v2\/pages\/2506\/revisions\/3080"}],"wp:attachment":[{"href":"https:\/\/www.gannetdesign.com\/index.php?rest_route=%2Fwp%2Fv2%2Fmedia&parent=2506"}],"curies":[{"name":"wp","href":"https:\/\/api.w.org\/{rel}","templated":true}]}}