{"id":2714,"date":"2020-02-06T11:49:36","date_gmt":"2020-02-06T10:49:36","guid":{"rendered":"https:\/\/www.gannetdesign.com\/?page_id=2714"},"modified":"2020-07-02T09:28:33","modified_gmt":"2020-07-02T07:28:33","slug":"ueber-uns","status":"publish","type":"page","link":"https:\/\/www.gannetdesign.com\/?page_id=2714&lang=de","title":{"rendered":"\u00dcber uns"},"content":{"rendered":"\n<p><strong>\u201cHEAD-FIRST DIVING ONLY\u201d \u2013 GANNET<br><\/strong><\/p>\n\n\n\n<p>Die Gannet-Seev\u00f6gel waren die Inspiration f\u00fcr den Namen und dem Logo des Designstudios.<br>Diese verr\u00fcckten V\u00f6gel tauchen mit dem Kopf voran aus bis zu 100 Metern H\u00f6he und schiessen wie ein Pfeil ins Wasser, um zu fischen.<br>Inspiriert von der Verr\u00fccktheit der V\u00f6gel, ihrer besonderen Sch\u00f6nheit und ihren Eigenschaften, genauso f\u00fchlen wir uns bei unseren Designs.<\/p>\n\n\n\n<div class=\"wp-block-media-text alignwide\"><figure class=\"wp-block-media-text__media\"><img loading=\"lazy\" decoding=\"async\" width=\"578\" height=\"850\" src=\"https:\/\/www.gannetdesign.com\/wp-content\/uploads\/IMG_3320-1s-2.jpg\" alt=\"\" class=\"wp-image-2700\" srcset=\"https:\/\/www.gannetdesign.com\/wp-content\/uploads\/IMG_3320-1s-2.jpg 578w, https:\/\/www.gannetdesign.com\/wp-content\/uploads\/IMG_3320-1s-2-204x300.jpg 204w\" sizes=\"auto, (max-width: 578px) 100vw, 578px\" \/><\/figure><div class=\"wp-block-media-text__content\">\n<p class=\"has-medium-font-size\"><strong>Ulfert Janssen<\/strong><\/p>\n<\/div><\/div>\n\n\n\n<p><\/p>\n\n\n\n<p>Ulfert Janssen, geboren und aufgewachsen in Deutschland, ist Gr\u00fcnder und Inhaber von GANNET Design, einem in der Schweiz ans\u00e4ssigen Design- und Strategieberatungs Studio.<br>Das Know-how von GANNET Design reicht von Autodesigns bis hin zu Motorraddesigns, sowohl Konzepten als auch Serienmodellen, und er ist einer der wenigen Designer, die sowohl an zwei- als auch an vierr\u00e4digen Fahrzeugen arbeiten.<br>Ulfert wurde mit Benzin im Blut geboren und hat eine besondere Leidenschaft f\u00fcr custom Motorr\u00e4der und Caferacer.<\/p>\n\n\n\n<p>GANNET arbeitet in den Bereichen Markenstrategie, Corporate Identity sowie Produktdesign f\u00fcr Lifestyle-Produkte und Luxusg\u00fcter mit Kunden in den USA und verschiedenen L\u00e4ndern in Europa.<\/p>\n\n\n\n<p>Vor der Gr\u00fcndung von GANNET war Ulfert Autodesigner bei Renault. W\u00e4hrend seiner 10-j\u00e4hrigen Zeit war er Gr\u00fcndungsmitglied im Designstudio von Renault in Barcelona. Dort war er eine Schl\u00fcsselfigur im Aufbau des Studio und er war an allen wichtigen Konzept Modellen und Vorproduktion Projekten beteiligt.<br>Ulfert wurde auch an Renault-Tochtergesellschaften in \u00dcbersee wie Renault \/ Samsung Motors in Korea und Nissan Motor CO., LTD. in Japan als Expatriate, gesendet. Er f\u00fchrte spezielle Projekte durch und entwickelte Serienautos, einschlie\u00dflich des Infiniti FX.<\/p>\n\n\n\n<p><\/p>\n\n\n\n<p>Ulfert Janssen hat einen Bachelor of Science in Industrial Design von dem Art Center College of Design in Pasadena , Kalifornien, USA <\/p>\n\n\n<p>Team \/Partner:<br \/><span class=\"tlid-translation translation\" lang=\"de\"><span title=\"\">Gannet Designs Partner ist Stefan Fuhrer (Fuhrer Moto), ehemaliger Rennmechaniker von Dominique Aegerter und Tom L\u00fcthi (jetzt Moto2), mit dem er 2005 Weltmeister in der 125er-Klasse wurde.<\/span> <span title=\"\">Jetzt ist Stefan der \u201ebrother in crime\u201c f\u00fcr die Gannet-Custom-Builds.<\/span> <span class=\"\" title=\"\">Sein Renn-Know-how, seine pr\u00e4zisen technischen F\u00e4higkeiten und sein Team von Handwerkern sind der perfekte Partner f\u00fcr die Gannet-Umbauten.<\/span><br \/><span class=\"\" title=\"\">Das Designstudio von Ulfert und die Werkstatt von Stefan sind nur 100 m voneinander entfernt, sodass eine reibungslose und schnelle Interaktion gew\u00e4hrleistet ist.<\/span><\/span><\/p>\n\n\n<p>GANNET Design<br>Studio\/Atelier location:<br>3453 Heimisbach<br><a href=\"https:\/\/goo.gl\/maps\/wezWheaYzc92\" target=\"_blank\" rel=\"noreferrer noopener\">Map<\/a><\/p>\n\n\n\n<p>Kontakt &#8211; Ulfert Janssen:<br><a rel=\"noreferrer noopener\" href=\"mailto:ulfertjanssen@gmail.com\" target=\"_blank\">ulfertjanssen@gmail.com<\/a><\/p>\n","protected":false},"excerpt":{"rendered":"<p>\u201cHEAD-FIRST DIVING ONLY\u201d \u2013 GANNET Die Gannet-Seev\u00f6gel waren die Inspiration f\u00fcr den Namen und dem Logo des Designstudios.Diese verr\u00fcckten V\u00f6gel tauchen mit dem Kopf voran aus bis zu 100 Metern <a class=\"more-link\" href=\"https:\/\/www.gannetdesign.com\/?page_id=2714&#038;lang=de\">read more \u2192<\/a><\/p>\n","protected":false},"author":2,"featured_media":0,"parent":0,"menu_order":8,"comment_status":"closed","ping_status":"closed","template":"","meta":{"footnotes":""},"class_list":["post-2714","page","type-page","status-publish","hentry"],"_links":{"self":[{"href":"https:\/\/www.gannetdesign.com\/index.php?rest_route=\/wp\/v2\/pages\/2714","targetHints":{"allow":["GET"]}}],"collection":[{"href":"https:\/\/www.gannetdesign.com\/index.php?rest_route=\/wp\/v2\/pages"}],"about":[{"href":"https:\/\/www.gannetdesign.com\/index.php?rest_route=\/wp\/v2\/types\/page"}],"author":[{"embeddable":true,"href":"https:\/\/www.gannetdesign.com\/index.php?rest_route=\/wp\/v2\/users\/2"}],"replies":[{"embeddable":true,"href":"https:\/\/www.gannetdesign.com\/index.php?rest_route=%2Fwp%2Fv2%2Fcomments&post=2714"}],"version-history":[{"count":18,"href":"https:\/\/www.gannetdesign.com\/index.php?rest_route=\/wp\/v2\/pages\/2714\/revisions"}],"predecessor-version":[{"id":3061,"href":"https:\/\/www.gannetdesign.com\/index.php?rest_route=\/wp\/v2\/pages\/2714\/revisions\/3061"}],"wp:attachment":[{"href":"https:\/\/www.gannetdesign.com\/index.php?rest_route=%2Fwp%2Fv2%2Fmedia&parent=2714"}],"curies":[{"name":"wp","href":"https:\/\/api.w.org\/{rel}","templated":true}]}}