{"id":3081,"date":"2020-07-24T10:10:51","date_gmt":"2020-07-24T08:10:51","guid":{"rendered":"https:\/\/www.gannetdesign.com\/?page_id=3081"},"modified":"2020-07-24T10:10:52","modified_gmt":"2020-07-24T08:10:52","slug":"honda-cb1000r","status":"publish","type":"page","link":"https:\/\/www.gannetdesign.com\/?page_id=3081&lang=de","title":{"rendered":"Honda CB1000R"},"content":{"rendered":"<p>Gannet Design\/Fuhrer Moto, Gewinner des Custom Bikes Wettbewerb von Honda:<img loading=\"lazy\" decoding=\"async\" class=\"alignleft wp-image-1431 size-medium\" src=\"https:\/\/www.gannetdesign.com\/wp-content\/uploads\/\/Winner-300x202.jpg\" alt=\"\" width=\"300\" height=\"202\" srcset=\"https:\/\/www.gannetdesign.com\/wp-content\/uploads\/Winner-300x202.jpg 300w, https:\/\/www.gannetdesign.com\/wp-content\/uploads\/Winner-1024x691.jpg 1024w, https:\/\/www.gannetdesign.com\/wp-content\/uploads\/Winner.jpg 1575w\" sizes=\"auto, (max-width: 300px) 100vw, 300px\" \/><a href=\"http:\/\/www.gannetdesign.com\/wp-content\/uploads\/Fuhrer-Moto-CB1000R-FG.jpg\"><img loading=\"lazy\" decoding=\"async\" class=\"alignleft size-large wp-image-1402\" src=\"https:\/\/www.gannetdesign.com\/wp-content\/uploads\/\/Fuhrer-Moto-CB1000R-FG-1024x664.jpg\" alt=\"\" width=\"800\" height=\"519\" srcset=\"https:\/\/www.gannetdesign.com\/wp-content\/uploads\/Fuhrer-Moto-CB1000R-FG-1024x664.jpg 1024w, https:\/\/www.gannetdesign.com\/wp-content\/uploads\/Fuhrer-Moto-CB1000R-FG-300x194.jpg 300w, https:\/\/www.gannetdesign.com\/wp-content\/uploads\/Fuhrer-Moto-CB1000R-FG.jpg 1575w\" sizes=\"auto, (max-width: 800px) 100vw, 800px\" \/><\/a><\/p>\n<div style=\"width: 96%; float: left; background-color: #hex; margin-left: 8px; padding: 12px;\">Built in house by <a href=\"https:\/\/www.gannetdesign.com\/\">Gannet Design<\/a> and <a href=\"http:\/\/www.thal-garage.ch\/moto\" target=\"_blank\" rel=\"noopener noreferrer\">Fuhrer Moto<\/a><\/div>\n<div style=\"width: 96%; float: left; background-color: #hex; margin-left: 8px; padding: 12px;\">Honda CB1000R \u2013 Cafe Fighter \u2013 998cc model 2018. Custom Aufbau einer CB1000R, die in eine Camouflage Rakete umgewandelt wurde \u2013 <strong>R-adical<\/strong><\/div>\n<div>\n<p><a href=\"http:\/\/www.gannetdesign.com\/wp-content\/uploads\/IMG_3493.jpg\"><img loading=\"lazy\" decoding=\"async\" class=\"alignleft size-large wp-image-1406\" src=\"https:\/\/www.gannetdesign.com\/wp-content\/uploads\/\/IMG_3493-1024x663.jpg\" alt=\"\" width=\"800\" height=\"518\" srcset=\"https:\/\/www.gannetdesign.com\/wp-content\/uploads\/IMG_3493-1024x663.jpg 1024w, https:\/\/www.gannetdesign.com\/wp-content\/uploads\/IMG_3493-300x194.jpg 300w, https:\/\/www.gannetdesign.com\/wp-content\/uploads\/IMG_3493.jpg 1575w\" sizes=\"auto, (max-width: 800px) 100vw, 800px\" \/><\/a><\/p>\n<div style=\"width: 96%; float: left; background-color: #hex; margin-left: 8px; padding: 12px;\">\n<p>Ziel war es, die Grundkomponenten der CB1000R in ihrem Ursprung zu belassen und haupts\u00e4chlich durch Ver\u00e4nderung der Proportionen und der neuen Lenkerposition ein v\u00f6llig neues Erscheinungsbild herzustellen, um die umfangreichen\u00a0 Anpassungsm\u00f6glichkeiten dieses Modells zu zeigen.<\/p>\n<p>Die kontempor\u00e4re Grafik im Camouflage-Design auf dem Tank und der Verkleidung entstand durch pr\u00e4zise Lackierarbeit und wurde schrittweise in sieben Schichten aufgebaut.<\/p>\n<p>Durch die spezielle Zusammenarbeit mit 422 Corse wurde dieses Bike mit Hochleistungs-Kohlefaserfelgen von Rotobox sowie einer Karbon-Gabel von CeraCarbon ausgestattet. Die ver\u00e4nderten Proportionen, zusammen mit der modernen Grafik und den ultra High-Tech-Carbonteilen, verleihen dieser Honda R-adical einen unvergleichbaren, aggressiven Vorw\u00e4rtsdrang. Dieses Custom-Design verwandelte die neue Honda CB1000R in eine Camouflage-Rakete.<\/p>\n<\/div>\n<p><a href=\"http:\/\/www.gannetdesign.com\/wp-content\/uploads\/IMG_3482.jpg\"><img loading=\"lazy\" decoding=\"async\" class=\"alignleft size-large wp-image-1407\" src=\"https:\/\/www.gannetdesign.com\/wp-content\/uploads\/\/IMG_3482-1024x663.jpg\" alt=\"\" width=\"800\" height=\"518\" srcset=\"https:\/\/www.gannetdesign.com\/wp-content\/uploads\/IMG_3482-1024x663.jpg 1024w, https:\/\/www.gannetdesign.com\/wp-content\/uploads\/IMG_3482-300x194.jpg 300w, https:\/\/www.gannetdesign.com\/wp-content\/uploads\/IMG_3482.jpg 1575w\" sizes=\"auto, (max-width: 800px) 100vw, 800px\" \/><\/a><a href=\"http:\/\/www.gannetdesign.com\/wp-content\/uploads\/IMG_3455.jpg\"><img loading=\"lazy\" decoding=\"async\" class=\"alignleft size-large wp-image-1409\" src=\"https:\/\/www.gannetdesign.com\/wp-content\/uploads\/\/IMG_3455-1024x683.jpg\" alt=\"\" width=\"800\" height=\"534\" srcset=\"https:\/\/www.gannetdesign.com\/wp-content\/uploads\/IMG_3455-1024x683.jpg 1024w, https:\/\/www.gannetdesign.com\/wp-content\/uploads\/IMG_3455-300x200.jpg 300w, https:\/\/www.gannetdesign.com\/wp-content\/uploads\/IMG_3455-400x267.jpg 400w, https:\/\/www.gannetdesign.com\/wp-content\/uploads\/IMG_3455.jpg 1575w\" sizes=\"auto, (max-width: 800px) 100vw, 800px\" \/><\/a><a href=\"http:\/\/www.gannetdesign.com\/wp-content\/uploads\/IMG_3478.jpg\"><img loading=\"lazy\" decoding=\"async\" class=\"alignleft size-large wp-image-1410\" src=\"https:\/\/www.gannetdesign.com\/wp-content\/uploads\/\/IMG_3478-1024x683.jpg\" alt=\"\" width=\"800\" height=\"534\" srcset=\"https:\/\/www.gannetdesign.com\/wp-content\/uploads\/IMG_3478-1024x683.jpg 1024w, https:\/\/www.gannetdesign.com\/wp-content\/uploads\/IMG_3478-300x200.jpg 300w, https:\/\/www.gannetdesign.com\/wp-content\/uploads\/IMG_3478-400x267.jpg 400w, https:\/\/www.gannetdesign.com\/wp-content\/uploads\/IMG_3478.jpg 1575w\" sizes=\"auto, (max-width: 800px) 100vw, 800px\" \/><\/a><a href=\"http:\/\/www.gannetdesign.com\/wp-content\/uploads\/IMG_4859.jpg\"><img loading=\"lazy\" decoding=\"async\" class=\"alignleft size-large wp-image-1524\" src=\"https:\/\/www.gannetdesign.com\/wp-content\/uploads\/\/IMG_4859-1024x768.jpg\" alt=\"\" width=\"800\" height=\"600\" srcset=\"https:\/\/www.gannetdesign.com\/wp-content\/uploads\/IMG_4859-1024x768.jpg 1024w, https:\/\/www.gannetdesign.com\/wp-content\/uploads\/IMG_4859-300x225.jpg 300w, https:\/\/www.gannetdesign.com\/wp-content\/uploads\/IMG_4859.jpg 1575w\" sizes=\"auto, (max-width: 800px) 100vw, 800px\" \/><\/a><a href=\"http:\/\/www.gannetdesign.com\/wp-content\/uploads\/IMG_4863.jpg\"><img loading=\"lazy\" decoding=\"async\" class=\"alignleft wp-image-1416 size-medium\" src=\"https:\/\/www.gannetdesign.com\/wp-content\/uploads\/\/IMG_4863-300x225.jpg\" alt=\"\" width=\"300\" height=\"225\" srcset=\"https:\/\/www.gannetdesign.com\/wp-content\/uploads\/IMG_4863-300x225.jpg 300w, https:\/\/www.gannetdesign.com\/wp-content\/uploads\/IMG_4863-1024x768.jpg 1024w, https:\/\/www.gannetdesign.com\/wp-content\/uploads\/IMG_4863.jpg 1575w\" sizes=\"auto, (max-width: 300px) 100vw, 300px\" \/><\/a><a href=\"http:\/\/www.gannetdesign.com\/wp-content\/uploads\/IMG_4911-s.jpg\"><img loading=\"lazy\" decoding=\"async\" class=\"alignright wp-image-1417 size-medium\" src=\"https:\/\/www.gannetdesign.com\/wp-content\/uploads\/\/IMG_4911-s-300x225.jpg\" alt=\"\" width=\"300\" height=\"225\" srcset=\"https:\/\/www.gannetdesign.com\/wp-content\/uploads\/IMG_4911-s-300x225.jpg 300w, https:\/\/www.gannetdesign.com\/wp-content\/uploads\/IMG_4911-s-1024x768.jpg 1024w, https:\/\/www.gannetdesign.com\/wp-content\/uploads\/IMG_4911-s.jpg 1575w\" sizes=\"auto, (max-width: 300px) 100vw, 300px\" \/><\/a><a href=\"http:\/\/www.gannetdesign.com\/wp-content\/uploads\/IMG_3505.jpg\"><img loading=\"lazy\" decoding=\"async\" class=\"alignleft wp-image-1482 size-medium\" src=\"https:\/\/www.gannetdesign.com\/wp-content\/uploads\/\/IMG_3505-200x300.jpg\" alt=\"\" width=\"200\" height=\"300\" srcset=\"https:\/\/www.gannetdesign.com\/wp-content\/uploads\/IMG_3505-200x300.jpg 200w, https:\/\/www.gannetdesign.com\/wp-content\/uploads\/IMG_3505-683x1024.jpg 683w, https:\/\/www.gannetdesign.com\/wp-content\/uploads\/IMG_3505.jpg 1050w\" sizes=\"auto, (max-width: 200px) 100vw, 200px\" \/><\/a><a href=\"http:\/\/www.gannetdesign.com\/wp-content\/uploads\/IMG_3507.jpg\"><img loading=\"lazy\" decoding=\"async\" class=\"alignleft wp-image-1483 size-medium\" src=\"https:\/\/www.gannetdesign.com\/wp-content\/uploads\/\/IMG_3507-200x300.jpg\" alt=\"\" width=\"200\" height=\"300\" srcset=\"https:\/\/www.gannetdesign.com\/wp-content\/uploads\/IMG_3507-200x300.jpg 200w, https:\/\/www.gannetdesign.com\/wp-content\/uploads\/IMG_3507-683x1024.jpg 683w, https:\/\/www.gannetdesign.com\/wp-content\/uploads\/IMG_3507.jpg 1050w\" sizes=\"auto, (max-width: 200px) 100vw, 200px\" \/><\/a><a href=\"http:\/\/www.gannetdesign.com\/wp-content\/uploads\/IMG_3513-1.jpg\"><img loading=\"lazy\" decoding=\"async\" class=\"alignleft wp-image-1484 size-medium\" src=\"https:\/\/www.gannetdesign.com\/wp-content\/uploads\/\/IMG_3513-1-200x300.jpg\" alt=\"\" width=\"200\" height=\"300\" srcset=\"https:\/\/www.gannetdesign.com\/wp-content\/uploads\/IMG_3513-1-200x300.jpg 200w, https:\/\/www.gannetdesign.com\/wp-content\/uploads\/IMG_3513-1-683x1024.jpg 683w, https:\/\/www.gannetdesign.com\/wp-content\/uploads\/IMG_3513-1.jpg 1050w\" sizes=\"auto, (max-width: 200px) 100vw, 200px\" \/><\/a><a href=\"http:\/\/www.gannetdesign.com\/wp-content\/uploads\/IMG_3483.jpg\"><img loading=\"lazy\" decoding=\"async\" class=\"alignleft size-large wp-image-1411\" src=\"https:\/\/www.gannetdesign.com\/wp-content\/uploads\/\/IMG_3483-1024x683.jpg\" alt=\"\" width=\"800\" height=\"534\" srcset=\"https:\/\/www.gannetdesign.com\/wp-content\/uploads\/IMG_3483-1024x683.jpg 1024w, https:\/\/www.gannetdesign.com\/wp-content\/uploads\/IMG_3483-300x200.jpg 300w, https:\/\/www.gannetdesign.com\/wp-content\/uploads\/IMG_3483-400x267.jpg 400w, https:\/\/www.gannetdesign.com\/wp-content\/uploads\/IMG_3483.jpg 1575w\" sizes=\"auto, (max-width: 800px) 100vw, 800px\" \/><\/a><a href=\"http:\/\/www.gannetdesign.com\/wp-content\/uploads\/IMG_3470.jpg\"><img loading=\"lazy\" decoding=\"async\" class=\"alignleft size-large wp-image-1489\" src=\"https:\/\/www.gannetdesign.com\/wp-content\/uploads\/\/IMG_3470-1024x683.jpg\" alt=\"\" width=\"800\" height=\"534\" srcset=\"https:\/\/www.gannetdesign.com\/wp-content\/uploads\/IMG_3470-1024x683.jpg 1024w, https:\/\/www.gannetdesign.com\/wp-content\/uploads\/IMG_3470-300x200.jpg 300w, https:\/\/www.gannetdesign.com\/wp-content\/uploads\/IMG_3470-400x267.jpg 400w, https:\/\/www.gannetdesign.com\/wp-content\/uploads\/IMG_3470.jpg 1575w\" sizes=\"auto, (max-width: 800px) 100vw, 800px\" \/><\/a><a href=\"http:\/\/www.gannetdesign.com\/wp-content\/uploads\/Fuhrer-Moto-D1.jpg\"><img loading=\"lazy\" decoding=\"async\" class=\"alignleft wp-image-1491 size-medium\" src=\"https:\/\/www.gannetdesign.com\/wp-content\/uploads\/\/Fuhrer-Moto-D1-300x194.jpg\" alt=\"\" width=\"300\" height=\"194\" srcset=\"https:\/\/www.gannetdesign.com\/wp-content\/uploads\/Fuhrer-Moto-D1-300x194.jpg 300w, https:\/\/www.gannetdesign.com\/wp-content\/uploads\/Fuhrer-Moto-D1-1024x663.jpg 1024w, https:\/\/www.gannetdesign.com\/wp-content\/uploads\/Fuhrer-Moto-D1.jpg 1292w\" sizes=\"auto, (max-width: 300px) 100vw, 300px\" \/><\/a><a href=\"http:\/\/www.gannetdesign.com\/wp-content\/uploads\/Fuhrer-Moto-D2.jpg\"><img loading=\"lazy\" decoding=\"async\" class=\"alignright wp-image-1492 size-medium\" src=\"https:\/\/www.gannetdesign.com\/wp-content\/uploads\/\/Fuhrer-Moto-D2-300x195.jpg\" alt=\"\" width=\"300\" height=\"195\" srcset=\"https:\/\/www.gannetdesign.com\/wp-content\/uploads\/Fuhrer-Moto-D2-300x195.jpg 300w, https:\/\/www.gannetdesign.com\/wp-content\/uploads\/Fuhrer-Moto-D2-1024x664.jpg 1024w, https:\/\/www.gannetdesign.com\/wp-content\/uploads\/Fuhrer-Moto-D2.jpg 1241w\" sizes=\"auto, (max-width: 300px) 100vw, 300px\" \/><\/a><a href=\"http:\/\/www.gannetdesign.com\/wp-content\/uploads\/IMG_2454s.jpg\"><img loading=\"lazy\" decoding=\"async\" class=\"alignleft wp-image-1571 size-medium\" src=\"https:\/\/www.gannetdesign.com\/wp-content\/uploads\/\/IMG_2454s-300x200.jpg\" alt=\"\" width=\"300\" height=\"200\" srcset=\"https:\/\/www.gannetdesign.com\/wp-content\/uploads\/IMG_2454s-300x200.jpg 300w, https:\/\/www.gannetdesign.com\/wp-content\/uploads\/IMG_2454s-1024x683.jpg 1024w, https:\/\/www.gannetdesign.com\/wp-content\/uploads\/IMG_2454s-400x267.jpg 400w, https:\/\/www.gannetdesign.com\/wp-content\/uploads\/IMG_2454s.jpg 1575w\" sizes=\"auto, (max-width: 300px) 100vw, 300px\" \/><\/a><a href=\"http:\/\/www.gannetdesign.com\/wp-content\/uploads\/IMG_2376s.jpg\"><img loading=\"lazy\" decoding=\"async\" class=\"alignright wp-image-1572 size-medium\" src=\"https:\/\/www.gannetdesign.com\/wp-content\/uploads\/\/IMG_2376s-300x200.jpg\" alt=\"\" width=\"300\" height=\"200\" srcset=\"https:\/\/www.gannetdesign.com\/wp-content\/uploads\/IMG_2376s-300x200.jpg 300w, https:\/\/www.gannetdesign.com\/wp-content\/uploads\/IMG_2376s-1024x683.jpg 1024w, https:\/\/www.gannetdesign.com\/wp-content\/uploads\/IMG_2376s-400x267.jpg 400w, https:\/\/www.gannetdesign.com\/wp-content\/uploads\/IMG_2376s.jpg 1575w\" sizes=\"auto, (max-width: 300px) 100vw, 300px\" \/><\/a><a href=\"http:\/\/www.gannetdesign.com\/wp-content\/uploads\/Tank1.jpg\"><img loading=\"lazy\" decoding=\"async\" class=\"alignleft wp-image-1494 size-medium\" src=\"https:\/\/www.gannetdesign.com\/wp-content\/uploads\/\/Tank1-300x200.jpg\" alt=\"\" width=\"300\" height=\"200\" srcset=\"https:\/\/www.gannetdesign.com\/wp-content\/uploads\/Tank1-300x200.jpg 300w, https:\/\/www.gannetdesign.com\/wp-content\/uploads\/Tank1-1024x683.jpg 1024w, https:\/\/www.gannetdesign.com\/wp-content\/uploads\/Tank1-400x267.jpg 400w, https:\/\/www.gannetdesign.com\/wp-content\/uploads\/Tank1.jpg 1575w\" sizes=\"auto, (max-width: 300px) 100vw, 300px\" \/><\/a><a href=\"http:\/\/www.gannetdesign.com\/wp-content\/uploads\/IMG_3442A.jpg\"><img loading=\"lazy\" decoding=\"async\" class=\"alignright wp-image-1495 size-medium\" src=\"https:\/\/www.gannetdesign.com\/wp-content\/uploads\/\/IMG_3442A-300x200.jpg\" alt=\"\" width=\"300\" height=\"200\" srcset=\"https:\/\/www.gannetdesign.com\/wp-content\/uploads\/IMG_3442A-300x200.jpg 300w, https:\/\/www.gannetdesign.com\/wp-content\/uploads\/IMG_3442A-1024x683.jpg 1024w, https:\/\/www.gannetdesign.com\/wp-content\/uploads\/IMG_3442A-400x267.jpg 400w, https:\/\/www.gannetdesign.com\/wp-content\/uploads\/IMG_3442A.jpg 1575w\" sizes=\"auto, (max-width: 300px) 100vw, 300px\" \/><\/a><img loading=\"lazy\" decoding=\"async\" class=\"alignleft wp-image-131 size-full\" src=\"http:\/\/www.gannetdesign.com\/wp-content\/uploads\/break-w.jpg\" alt=\"\" width=\"800\" height=\"16\" srcset=\"https:\/\/www.gannetdesign.com\/wp-content\/uploads\/break-w.jpg 800w, https:\/\/www.gannetdesign.com\/wp-content\/uploads\/break-w-300x6.jpg 300w\" sizes=\"auto, (max-width: 800px) 100vw, 800px\" \/><\/p>\n<\/div>\n<div style=\"width: 96%; float: left; background-color: #hex; margin-left: 8px; padding: 12px;\">Design development:<\/div>\n<div><a href=\"http:\/\/www.gannetdesign.com\/wp-content\/uploads\/Design-sketch.jpg\"><img loading=\"lazy\" decoding=\"async\" class=\"alignleft size-large wp-image-1421\" src=\"https:\/\/www.gannetdesign.com\/wp-content\/uploads\/\/Design-sketch-1024x589.jpg\" alt=\"\" width=\"800\" height=\"460\" srcset=\"https:\/\/www.gannetdesign.com\/wp-content\/uploads\/Design-sketch-1024x589.jpg 1024w, https:\/\/www.gannetdesign.com\/wp-content\/uploads\/Design-sketch-300x172.jpg 300w\" sizes=\"auto, (max-width: 800px) 100vw, 800px\" \/><\/a><a href=\"http:\/\/www.gannetdesign.com\/wp-content\/uploads\/UJ-Designing-s.jpg\"><img loading=\"lazy\" decoding=\"async\" class=\"alignleft wp-image-1423 size-large\" src=\"https:\/\/www.gannetdesign.com\/wp-content\/uploads\/\/UJ-Designing-s-1024x719.jpg\" alt=\"\" width=\"800\" height=\"562\" srcset=\"https:\/\/www.gannetdesign.com\/wp-content\/uploads\/UJ-Designing-s-1024x719.jpg 1024w, https:\/\/www.gannetdesign.com\/wp-content\/uploads\/UJ-Designing-s-300x211.jpg 300w, https:\/\/www.gannetdesign.com\/wp-content\/uploads\/UJ-Designing-s.jpg 1575w\" sizes=\"auto, (max-width: 800px) 100vw, 800px\" \/><\/a><\/div>\n<div>\n<p><a href=\"http:\/\/www.gannetdesign.com\/wp-content\/uploads\/CB1000R-small.jpg\"><img loading=\"lazy\" decoding=\"async\" class=\"size-large wp-image-1424\" src=\"https:\/\/www.gannetdesign.com\/wp-content\/uploads\/\/CB1000R-small-1024x629.jpg\" alt=\"\" width=\"800\" height=\"491\" srcset=\"https:\/\/www.gannetdesign.com\/wp-content\/uploads\/CB1000R-small-1024x629.jpg 1024w, https:\/\/www.gannetdesign.com\/wp-content\/uploads\/CB1000R-small-300x184.jpg 300w, https:\/\/www.gannetdesign.com\/wp-content\/uploads\/CB1000R-small.jpg 1575w\" sizes=\"auto, (max-width: 800px) 100vw, 800px\" \/><\/a><\/p>\n<\/div>\n<p><img loading=\"lazy\" decoding=\"async\" class=\"alignleft wp-image-131 size-full\" src=\"http:\/\/www.gannetdesign.com\/wp-content\/uploads\/break-w.jpg\" alt=\"\" width=\"800\" height=\"16\" srcset=\"https:\/\/www.gannetdesign.com\/wp-content\/uploads\/break-w.jpg 800w, https:\/\/www.gannetdesign.com\/wp-content\/uploads\/break-w-300x6.jpg 300w\" sizes=\"auto, (max-width: 800px) 100vw, 800px\" \/>Making of video:<\/p>\n<p><iframe loading=\"lazy\" title=\"Honda CB1000R-adical Customized by  @fuhrermoto and @Gannet Design\" width=\"800\" height=\"450\" src=\"https:\/\/www.youtube.com\/embed\/01Zb1ygfBIQ?feature=oembed\" frameborder=\"0\" allow=\"accelerometer; autoplay; encrypted-media; gyroscope; picture-in-picture\" allowfullscreen><\/iframe><\/p>\n<p>video by <a href=\"https:\/\/www.instagram.com\/tim_roethlisberger\/\" target=\"_blank\" rel=\"noopener noreferrer\">Tim R\u00f6thlisberger<\/a><\/p>\n<p><a href=\"http:\/\/www.gannetdesign.com\/wp-content\/uploads\/51260223_822650721414509_6284060680496611328_o.jpg\"><img loading=\"lazy\" decoding=\"async\" class=\"alignleft size-large wp-image-1505\" src=\"https:\/\/www.gannetdesign.com\/wp-content\/uploads\/\/51260223_822650721414509_6284060680496611328_o-1024x576.jpg\" alt=\"\" width=\"800\" height=\"450\" srcset=\"https:\/\/www.gannetdesign.com\/wp-content\/uploads\/51260223_822650721414509_6284060680496611328_o-1024x576.jpg 1024w, https:\/\/www.gannetdesign.com\/wp-content\/uploads\/51260223_822650721414509_6284060680496611328_o-300x169.jpg 300w, https:\/\/www.gannetdesign.com\/wp-content\/uploads\/51260223_822650721414509_6284060680496611328_o.jpg 1575w\" sizes=\"auto, (max-width: 800px) 100vw, 800px\" \/><\/a><a href=\"http:\/\/www.gannetdesign.com\/wp-content\/uploads\/IMG_3383.jpg\"><img loading=\"lazy\" decoding=\"async\" class=\"alignleft wp-image-1506 size-medium\" src=\"https:\/\/www.gannetdesign.com\/wp-content\/uploads\/\/IMG_3383-300x225.jpg\" alt=\"\" width=\"300\" height=\"225\" srcset=\"https:\/\/www.gannetdesign.com\/wp-content\/uploads\/IMG_3383-300x225.jpg 300w, https:\/\/www.gannetdesign.com\/wp-content\/uploads\/IMG_3383-1024x768.jpg 1024w, https:\/\/www.gannetdesign.com\/wp-content\/uploads\/IMG_3383.jpg 1575w\" sizes=\"auto, (max-width: 300px) 100vw, 300px\" \/><\/a><a href=\"http:\/\/www.gannetdesign.com\/wp-content\/uploads\/IMG_3403.jpg\"><img loading=\"lazy\" decoding=\"async\" class=\"alignright wp-image-1507 size-medium\" src=\"https:\/\/www.gannetdesign.com\/wp-content\/uploads\/\/IMG_3403-300x225.jpg\" alt=\"\" width=\"300\" height=\"225\" srcset=\"https:\/\/www.gannetdesign.com\/wp-content\/uploads\/IMG_3403-300x225.jpg 300w, https:\/\/www.gannetdesign.com\/wp-content\/uploads\/IMG_3403-1024x768.jpg 1024w, https:\/\/www.gannetdesign.com\/wp-content\/uploads\/IMG_3403.jpg 1575w\" sizes=\"auto, (max-width: 300px) 100vw, 300px\" \/><\/a><a href=\"http:\/\/www.gannetdesign.com\/wp-content\/uploads\/IMG_3323.jpg\"><img loading=\"lazy\" decoding=\"async\" class=\"alignleft wp-image-1509 size-medium\" src=\"https:\/\/www.gannetdesign.com\/wp-content\/uploads\/\/IMG_3323-300x225.jpg\" alt=\"\" width=\"300\" height=\"225\" srcset=\"https:\/\/www.gannetdesign.com\/wp-content\/uploads\/IMG_3323-300x225.jpg 300w, https:\/\/www.gannetdesign.com\/wp-content\/uploads\/IMG_3323-1024x768.jpg 1024w, https:\/\/www.gannetdesign.com\/wp-content\/uploads\/IMG_3323.jpg 1575w\" sizes=\"auto, (max-width: 300px) 100vw, 300px\" \/><\/a><a href=\"http:\/\/www.gannetdesign.com\/wp-content\/uploads\/IMG_3397.jpg\"><img loading=\"lazy\" decoding=\"async\" class=\"alignright wp-image-1510 size-medium\" src=\"https:\/\/www.gannetdesign.com\/wp-content\/uploads\/\/IMG_3397-300x225.jpg\" alt=\"\" width=\"300\" height=\"225\" srcset=\"https:\/\/www.gannetdesign.com\/wp-content\/uploads\/IMG_3397-300x225.jpg 300w, https:\/\/www.gannetdesign.com\/wp-content\/uploads\/IMG_3397-1024x768.jpg 1024w, https:\/\/www.gannetdesign.com\/wp-content\/uploads\/IMG_3397.jpg 1575w\" sizes=\"auto, (max-width: 300px) 100vw, 300px\" \/><\/a><a href=\"http:\/\/www.gannetdesign.com\/wp-content\/uploads\/IMG_5672-1.jpg\"><img loading=\"lazy\" decoding=\"async\" class=\"alignleft wp-image-1531 size-medium\" src=\"https:\/\/www.gannetdesign.com\/wp-content\/uploads\/\/IMG_5672-1-300x194.jpg\" alt=\"\" width=\"300\" height=\"194\" srcset=\"https:\/\/www.gannetdesign.com\/wp-content\/uploads\/IMG_5672-1-300x194.jpg 300w, https:\/\/www.gannetdesign.com\/wp-content\/uploads\/IMG_5672-1-1024x661.jpg 1024w, https:\/\/www.gannetdesign.com\/wp-content\/uploads\/IMG_5672-1.jpg 1575w\" sizes=\"auto, (max-width: 300px) 100vw, 300px\" \/><\/a><a href=\"http:\/\/www.gannetdesign.com\/wp-content\/uploads\/ADVE2313.jpg\"><img loading=\"lazy\" decoding=\"async\" class=\"alignright wp-image-1528 size-medium\" src=\"https:\/\/www.gannetdesign.com\/wp-content\/uploads\/\/ADVE2313-300x194.jpg\" alt=\"\" width=\"300\" height=\"194\" srcset=\"https:\/\/www.gannetdesign.com\/wp-content\/uploads\/ADVE2313-300x194.jpg 300w, https:\/\/www.gannetdesign.com\/wp-content\/uploads\/ADVE2313-1024x661.jpg 1024w, https:\/\/www.gannetdesign.com\/wp-content\/uploads\/ADVE2313.jpg 1575w\" sizes=\"auto, (max-width: 300px) 100vw, 300px\" \/><\/a><a href=\"http:\/\/www.gannetdesign.com\/wp-content\/uploads\/IMG-4394.jpg\"><img loading=\"lazy\" decoding=\"async\" class=\"alignleft wp-image-1511 size-medium\" src=\"https:\/\/www.gannetdesign.com\/wp-content\/uploads\/\/IMG-4394-207x300.jpg\" alt=\"\" width=\"207\" height=\"300\" srcset=\"https:\/\/www.gannetdesign.com\/wp-content\/uploads\/IMG-4394-207x300.jpg 207w, https:\/\/www.gannetdesign.com\/wp-content\/uploads\/IMG-4394-707x1024.jpg 707w, https:\/\/www.gannetdesign.com\/wp-content\/uploads\/IMG-4394.jpg 1088w\" sizes=\"auto, (max-width: 207px) 100vw, 207px\" \/><\/a><a href=\"http:\/\/www.gannetdesign.com\/wp-content\/uploads\/PALD484.jpg\"><img loading=\"lazy\" decoding=\"async\" class=\"alignright wp-image-1514 size-medium\" src=\"https:\/\/www.gannetdesign.com\/wp-content\/uploads\/\/PALD484-225x300.jpg\" alt=\"\" width=\"225\" height=\"300\" srcset=\"https:\/\/www.gannetdesign.com\/wp-content\/uploads\/PALD484-225x300.jpg 225w, https:\/\/www.gannetdesign.com\/wp-content\/uploads\/PALD484-767x1024.jpg 767w, https:\/\/www.gannetdesign.com\/wp-content\/uploads\/PALD484.jpg 1179w\" sizes=\"auto, (max-width: 225px) 100vw, 225px\" \/><\/a><a href=\"http:\/\/www.gannetdesign.com\/wp-content\/uploads\/IMG-4395.jpg\"><img loading=\"lazy\" decoding=\"async\" class=\"alignleft wp-image-1519 size-large\" src=\"https:\/\/www.gannetdesign.com\/wp-content\/uploads\/\/IMG-4395-1024x575.jpg\" alt=\"\" width=\"800\" height=\"449\" srcset=\"https:\/\/www.gannetdesign.com\/wp-content\/uploads\/IMG-4395-1024x575.jpg 1024w, https:\/\/www.gannetdesign.com\/wp-content\/uploads\/IMG-4395-300x169.jpg 300w, https:\/\/www.gannetdesign.com\/wp-content\/uploads\/IMG-4395.jpg 1575w\" sizes=\"auto, (max-width: 800px) 100vw, 800px\" \/><\/a><\/p>\n","protected":false},"excerpt":{"rendered":"<p>Gannet Design\/Fuhrer Moto, Gewinner des Custom Bikes Wettbewerb von Honda: Built in house by Gannet Design and Fuhrer Moto Honda CB1000R \u2013 Cafe Fighter \u2013 998cc model 2018. Custom Aufbau <a class=\"more-link\" href=\"https:\/\/www.gannetdesign.com\/?page_id=3081&#038;lang=de\">read more \u2192<\/a><\/p>\n","protected":false},"author":2,"featured_media":0,"parent":0,"menu_order":0,"comment_status":"closed","ping_status":"closed","template":"","meta":{"footnotes":""},"class_list":["post-3081","page","type-page","status-publish","hentry"],"_links":{"self":[{"href":"https:\/\/www.gannetdesign.com\/index.php?rest_route=\/wp\/v2\/pages\/3081","targetHints":{"allow":["GET"]}}],"collection":[{"href":"https:\/\/www.gannetdesign.com\/index.php?rest_route=\/wp\/v2\/pages"}],"about":[{"href":"https:\/\/www.gannetdesign.com\/index.php?rest_route=\/wp\/v2\/types\/page"}],"author":[{"embeddable":true,"href":"https:\/\/www.gannetdesign.com\/index.php?rest_route=\/wp\/v2\/users\/2"}],"replies":[{"embeddable":true,"href":"https:\/\/www.gannetdesign.com\/index.php?rest_route=%2Fwp%2Fv2%2Fcomments&post=3081"}],"version-history":[{"count":1,"href":"https:\/\/www.gannetdesign.com\/index.php?rest_route=\/wp\/v2\/pages\/3081\/revisions"}],"predecessor-version":[{"id":3082,"href":"https:\/\/www.gannetdesign.com\/index.php?rest_route=\/wp\/v2\/pages\/3081\/revisions\/3082"}],"wp:attachment":[{"href":"https:\/\/www.gannetdesign.com\/index.php?rest_route=%2Fwp%2Fv2%2Fmedia&parent=3081"}],"curies":[{"name":"wp","href":"https:\/\/api.w.org\/{rel}","templated":true}]}}