{"id":3367,"date":"2022-10-08T10:52:21","date_gmt":"2022-10-08T08:52:21","guid":{"rendered":"https:\/\/www.gannetdesign.com\/?page_id=3367"},"modified":"2022-10-08T10:53:02","modified_gmt":"2022-10-08T08:53:02","slug":"indian-ftr-tracker","status":"publish","type":"page","link":"https:\/\/www.gannetdesign.com\/?page_id=3367&lang=de","title":{"rendered":"Indian FTR Tracker"},"content":{"rendered":"\n<figure class=\"wp-block-image size-large\"><img loading=\"lazy\" decoding=\"async\" width=\"1024\" height=\"683\" src=\"https:\/\/www.gannetdesign.com\/wp-content\/uploads\/\/003-1024x683.jpg\" alt=\"\" class=\"wp-image-3211\" srcset=\"https:\/\/www.gannetdesign.com\/wp-content\/uploads\/003-1024x683.jpg 1024w, https:\/\/www.gannetdesign.com\/wp-content\/uploads\/003-300x200.jpg 300w, https:\/\/www.gannetdesign.com\/wp-content\/uploads\/003-1536x1025.jpg 1536w, https:\/\/www.gannetdesign.com\/wp-content\/uploads\/003-400x267.jpg 400w, https:\/\/www.gannetdesign.com\/wp-content\/uploads\/003.jpg 1721w\" sizes=\"auto, (max-width: 1024px) 100vw, 1024px\" \/><\/figure>\n\n\n\n<p>Die anf\u00e4nglichen Designskizzen und Renderings wurden zun\u00e4chst in ein Tonmodell \u00fcbersetzt, um die Form in 3D zur Vorbereitung der Metallarbeiten zu finden.<br>Das Handwerkerteam arbeitete dann mit seiner Magie und formte die eigentlichen Teile aus Metall.<br>Der Tacho-Bildschirm wurde in die Tankabdeckung integriert und b\u00fcndig eingelassen, sodass das Lenker-Design reiner und rennsportlicher ist, ohne die elektronischen Spielereien.<br>Um den originalen Plastiktank unter der Sitzbank zu ersetzen, wurde das Bike stromlinienf\u00f6rmiger und mit einem Aluminium-Flachbahn-Renntank und einem Heckteil von Roland Sands ausgestattet.<br>Weitere coole Details wie die ganz in Schwarz gehaltenen Racing-Control-Buttons von Jetprime sowie die Fu\u00dfrasten von Gilles verweisen auf die erfolgreiche Racing-DNA der Maschine.<br>Das kleine R\u00fccklicht sowie die beiden kleinen Hightech-Scheinwerfer stammen von Highsider Germany und leuchten im Dunkeln hell den Weg.<br>Die technisch gefr\u00e4sten Synto Evo Brems-\/Kupplungshebel und Bremsfl\u00fcssigkeitsbeh\u00e4lter sowie Kennzeichenhalter stammen von ABM Fahrzeugtechnik und sind passend zur Farbgebung des Bikes best\u00fcckt.<br>Die goldenen und schwarzen Speichenr\u00e4der stammen von Kineo und sind mit Michelin Anakee Wild-Stollenreifen ausgestattet, um diesen feinen rotzigen Auftritt zu erzielen.<br>Die Auspuffanlage ist eine spezielle Titan-Version von Zard und verleiht ihr die erstaunliche blaue T\u00f6nung. Der Slip-On ist ein SC-Project Auspuff und gibt dem Zweizylindermotor eine runde Note.<br>Der Sattel ist eine spezielle custom Polsterung von Zwahlen NIZ.<br>Die Lackierung ist eine seltene Mischung aus \u201eabgeschrubbt\u201c und hochgl\u00e4nzendem, tiefem Mitternachtsblau mit goldenen Details. Der Gitterrahmen ist perlwei\u00df lackiert, um ihn hervorzuheben und seine besondere Sch\u00f6nheit zu zeigen, und er gibt erstaunliche Reflexionen im Sonnenlicht.<\/p>\n\n\n\n<figure class=\"wp-block-image size-large\"><img loading=\"lazy\" decoding=\"async\" width=\"1024\" height=\"683\" src=\"https:\/\/www.gannetdesign.com\/wp-content\/uploads\/\/010-1024x683.jpg\" alt=\"\" class=\"wp-image-3215\" srcset=\"https:\/\/www.gannetdesign.com\/wp-content\/uploads\/010-1024x683.jpg 1024w, https:\/\/www.gannetdesign.com\/wp-content\/uploads\/010-300x200.jpg 300w, https:\/\/www.gannetdesign.com\/wp-content\/uploads\/010-1536x1025.jpg 1536w, https:\/\/www.gannetdesign.com\/wp-content\/uploads\/010-400x267.jpg 400w, https:\/\/www.gannetdesign.com\/wp-content\/uploads\/010.jpg 1790w\" sizes=\"auto, (max-width: 1024px) 100vw, 1024px\" \/><\/figure>\n\n\n\n<div class=\"wp-block-columns is-layout-flex wp-container-core-columns-is-layout-9d6595d7 wp-block-columns-is-layout-flex\">\n<div class=\"wp-block-column is-layout-flow wp-block-column-is-layout-flow\">\n<figure class=\"wp-block-image size-large\"><img loading=\"lazy\" decoding=\"async\" width=\"683\" height=\"1024\" src=\"https:\/\/www.gannetdesign.com\/wp-content\/uploads\/\/006-683x1024.jpg\" alt=\"\" class=\"wp-image-3217\" srcset=\"https:\/\/www.gannetdesign.com\/wp-content\/uploads\/006-683x1024.jpg 683w, https:\/\/www.gannetdesign.com\/wp-content\/uploads\/006-200x300.jpg 200w, https:\/\/www.gannetdesign.com\/wp-content\/uploads\/006-1025x1536.jpg 1025w, https:\/\/www.gannetdesign.com\/wp-content\/uploads\/006.jpg 1150w\" sizes=\"auto, (max-width: 683px) 100vw, 683px\" \/><\/figure>\n<\/div>\n\n\n\n<div class=\"wp-block-column is-layout-flow wp-block-column-is-layout-flow\">\n<figure class=\"wp-block-image size-large\"><img loading=\"lazy\" decoding=\"async\" width=\"683\" height=\"1024\" src=\"https:\/\/www.gannetdesign.com\/wp-content\/uploads\/\/013-683x1024.jpg\" alt=\"\" class=\"wp-image-3221\" srcset=\"https:\/\/www.gannetdesign.com\/wp-content\/uploads\/013-683x1024.jpg 683w, https:\/\/www.gannetdesign.com\/wp-content\/uploads\/013-200x300.jpg 200w, https:\/\/www.gannetdesign.com\/wp-content\/uploads\/013-1024x1536.jpg 1024w, https:\/\/www.gannetdesign.com\/wp-content\/uploads\/013.jpg 1311w\" sizes=\"auto, (max-width: 683px) 100vw, 683px\" \/><\/figure>\n<\/div>\n<\/div>\n\n\n\n<figure class=\"wp-block-image size-large\"><img loading=\"lazy\" decoding=\"async\" width=\"1024\" height=\"683\" src=\"https:\/\/www.gannetdesign.com\/wp-content\/uploads\/\/018-1024x683.jpg\" alt=\"\" class=\"wp-image-3224\" srcset=\"https:\/\/www.gannetdesign.com\/wp-content\/uploads\/018-1024x683.jpg 1024w, https:\/\/www.gannetdesign.com\/wp-content\/uploads\/018-300x200.jpg 300w, https:\/\/www.gannetdesign.com\/wp-content\/uploads\/018-1536x1024.jpg 1536w, https:\/\/www.gannetdesign.com\/wp-content\/uploads\/018-400x267.jpg 400w, https:\/\/www.gannetdesign.com\/wp-content\/uploads\/018.jpg 1966w\" sizes=\"auto, (max-width: 1024px) 100vw, 1024px\" \/><\/figure>\n\n\n\n<div class=\"wp-block-columns is-layout-flex wp-container-core-columns-is-layout-9d6595d7 wp-block-columns-is-layout-flex\">\n<div class=\"wp-block-column is-layout-flow wp-block-column-is-layout-flow\">\n<figure class=\"wp-block-image size-large\"><img loading=\"lazy\" decoding=\"async\" width=\"1024\" height=\"768\" src=\"https:\/\/www.gannetdesign.com\/wp-content\/uploads\/\/026-1024x768.jpg\" alt=\"\" class=\"wp-image-3227\" srcset=\"https:\/\/www.gannetdesign.com\/wp-content\/uploads\/026-1024x768.jpg 1024w, https:\/\/www.gannetdesign.com\/wp-content\/uploads\/026-300x225.jpg 300w, https:\/\/www.gannetdesign.com\/wp-content\/uploads\/026.jpg 1512w\" sizes=\"auto, (max-width: 1024px) 100vw, 1024px\" \/><\/figure>\n<\/div>\n\n\n\n<div class=\"wp-block-column is-layout-flow wp-block-column-is-layout-flow\">\n<figure class=\"wp-block-image size-large\"><img loading=\"lazy\" decoding=\"async\" width=\"1024\" height=\"683\" src=\"https:\/\/www.gannetdesign.com\/wp-content\/uploads\/\/030-1024x683.jpg\" alt=\"\" class=\"wp-image-3229\" srcset=\"https:\/\/www.gannetdesign.com\/wp-content\/uploads\/030-1024x683.jpg 1024w, https:\/\/www.gannetdesign.com\/wp-content\/uploads\/030-300x200.jpg 300w, https:\/\/www.gannetdesign.com\/wp-content\/uploads\/030-1536x1024.jpg 1536w, https:\/\/www.gannetdesign.com\/wp-content\/uploads\/030-400x267.jpg 400w, https:\/\/www.gannetdesign.com\/wp-content\/uploads\/030.jpg 1966w\" sizes=\"auto, (max-width: 1024px) 100vw, 1024px\" \/><\/figure>\n<\/div>\n<\/div>\n\n\n\n<figure class=\"wp-block-image size-large\"><img loading=\"lazy\" decoding=\"async\" width=\"1024\" height=\"683\" src=\"https:\/\/www.gannetdesign.com\/wp-content\/uploads\/\/007-1024x683.jpg\" alt=\"\" class=\"wp-image-3231\" srcset=\"https:\/\/www.gannetdesign.com\/wp-content\/uploads\/007-1024x683.jpg 1024w, https:\/\/www.gannetdesign.com\/wp-content\/uploads\/007-300x200.jpg 300w, https:\/\/www.gannetdesign.com\/wp-content\/uploads\/007-1536x1024.jpg 1536w, https:\/\/www.gannetdesign.com\/wp-content\/uploads\/007-2048x1366.jpg 2048w, https:\/\/www.gannetdesign.com\/wp-content\/uploads\/007-400x267.jpg 400w\" sizes=\"auto, (max-width: 1024px) 100vw, 1024px\" \/><\/figure>\n\n\n\n<figure class=\"wp-block-image size-large\"><img loading=\"lazy\" decoding=\"async\" width=\"1024\" height=\"609\" src=\"https:\/\/www.gannetdesign.com\/wp-content\/uploads\/\/019-1024x609.jpg\" alt=\"\" class=\"wp-image-3233\" srcset=\"https:\/\/www.gannetdesign.com\/wp-content\/uploads\/019-1024x609.jpg 1024w, https:\/\/www.gannetdesign.com\/wp-content\/uploads\/019-300x178.jpg 300w, https:\/\/www.gannetdesign.com\/wp-content\/uploads\/019-1536x913.jpg 1536w, https:\/\/www.gannetdesign.com\/wp-content\/uploads\/019.jpg 1791w\" sizes=\"auto, (max-width: 1024px) 100vw, 1024px\" \/><\/figure>\n\n\n\n<div class=\"wp-block-columns is-layout-flex wp-container-core-columns-is-layout-9d6595d7 wp-block-columns-is-layout-flex\">\n<div class=\"wp-block-column is-layout-flow wp-block-column-is-layout-flow\">\n<figure class=\"wp-block-image size-large\"><img loading=\"lazy\" decoding=\"async\" width=\"683\" height=\"1024\" src=\"https:\/\/www.gannetdesign.com\/wp-content\/uploads\/\/042-683x1024.jpg\" alt=\"\" class=\"wp-image-3235\" srcset=\"https:\/\/www.gannetdesign.com\/wp-content\/uploads\/042-683x1024.jpg 683w, https:\/\/www.gannetdesign.com\/wp-content\/uploads\/042-200x300.jpg 200w, https:\/\/www.gannetdesign.com\/wp-content\/uploads\/042-1024x1536.jpg 1024w, https:\/\/www.gannetdesign.com\/wp-content\/uploads\/042.jpg 1311w\" sizes=\"auto, (max-width: 683px) 100vw, 683px\" \/><\/figure>\n<\/div>\n\n\n\n<div class=\"wp-block-column is-layout-flow wp-block-column-is-layout-flow\">\n<figure class=\"wp-block-image size-large\"><img loading=\"lazy\" decoding=\"async\" width=\"768\" height=\"1024\" src=\"https:\/\/www.gannetdesign.com\/wp-content\/uploads\/\/045-768x1024.jpg\" alt=\"\" class=\"wp-image-3237\" srcset=\"https:\/\/www.gannetdesign.com\/wp-content\/uploads\/045-768x1024.jpg 768w, https:\/\/www.gannetdesign.com\/wp-content\/uploads\/045-225x300.jpg 225w, https:\/\/www.gannetdesign.com\/wp-content\/uploads\/045.jpg 1097w\" sizes=\"auto, (max-width: 768px) 100vw, 768px\" \/><\/figure>\n<\/div>\n<\/div>\n\n\n\n<div class=\"wp-block-columns is-layout-flex wp-container-core-columns-is-layout-9d6595d7 wp-block-columns-is-layout-flex\">\n<div class=\"wp-block-column is-layout-flow wp-block-column-is-layout-flow\">\n<figure class=\"wp-block-image size-large\"><img loading=\"lazy\" decoding=\"async\" width=\"1024\" height=\"683\" src=\"https:\/\/www.gannetdesign.com\/wp-content\/uploads\/\/023-1024x683.jpg\" alt=\"\" class=\"wp-image-3240\" srcset=\"https:\/\/www.gannetdesign.com\/wp-content\/uploads\/023-1024x683.jpg 1024w, https:\/\/www.gannetdesign.com\/wp-content\/uploads\/023-300x200.jpg 300w, https:\/\/www.gannetdesign.com\/wp-content\/uploads\/023-1536x1024.jpg 1536w, https:\/\/www.gannetdesign.com\/wp-content\/uploads\/023-400x267.jpg 400w, https:\/\/www.gannetdesign.com\/wp-content\/uploads\/023.jpg 1966w\" sizes=\"auto, (max-width: 1024px) 100vw, 1024px\" \/><\/figure>\n<\/div>\n\n\n\n<div class=\"wp-block-column is-layout-flow wp-block-column-is-layout-flow\">\n<figure class=\"wp-block-image size-large\"><img loading=\"lazy\" decoding=\"async\" width=\"1024\" height=\"683\" src=\"https:\/\/www.gannetdesign.com\/wp-content\/uploads\/\/021-1024x683.jpg\" alt=\"\" class=\"wp-image-3242\" srcset=\"https:\/\/www.gannetdesign.com\/wp-content\/uploads\/021-1024x683.jpg 1024w, https:\/\/www.gannetdesign.com\/wp-content\/uploads\/021-300x200.jpg 300w, https:\/\/www.gannetdesign.com\/wp-content\/uploads\/021-1536x1024.jpg 1536w, https:\/\/www.gannetdesign.com\/wp-content\/uploads\/021-400x267.jpg 400w, https:\/\/www.gannetdesign.com\/wp-content\/uploads\/021.jpg 1966w\" sizes=\"auto, (max-width: 1024px) 100vw, 1024px\" \/><\/figure>\n<\/div>\n<\/div>\n\n\n\n<div class=\"wp-block-columns is-layout-flex wp-container-core-columns-is-layout-9d6595d7 wp-block-columns-is-layout-flex\">\n<div class=\"wp-block-column is-layout-flow wp-block-column-is-layout-flow\">\n<figure class=\"wp-block-image size-large\"><img loading=\"lazy\" decoding=\"async\" width=\"1024\" height=\"730\" src=\"https:\/\/www.gannetdesign.com\/wp-content\/uploads\/\/037-1024x730.jpg\" alt=\"\" class=\"wp-image-3245\" srcset=\"https:\/\/www.gannetdesign.com\/wp-content\/uploads\/037-1024x730.jpg 1024w, https:\/\/www.gannetdesign.com\/wp-content\/uploads\/037-300x214.jpg 300w, https:\/\/www.gannetdesign.com\/wp-content\/uploads\/037-1536x1095.jpg 1536w, https:\/\/www.gannetdesign.com\/wp-content\/uploads\/037.jpg 1839w\" sizes=\"auto, (max-width: 1024px) 100vw, 1024px\" \/><\/figure>\n<\/div>\n\n\n\n<div class=\"wp-block-column is-layout-flow wp-block-column-is-layout-flow\">\n<figure class=\"wp-block-image size-large\"><img loading=\"lazy\" decoding=\"async\" width=\"1024\" height=\"683\" src=\"https:\/\/www.gannetdesign.com\/wp-content\/uploads\/\/036-1024x683.jpg\" alt=\"\" class=\"wp-image-3247\" srcset=\"https:\/\/www.gannetdesign.com\/wp-content\/uploads\/036-1024x683.jpg 1024w, https:\/\/www.gannetdesign.com\/wp-content\/uploads\/036-300x200.jpg 300w, https:\/\/www.gannetdesign.com\/wp-content\/uploads\/036-1536x1024.jpg 1536w, https:\/\/www.gannetdesign.com\/wp-content\/uploads\/036-400x267.jpg 400w, https:\/\/www.gannetdesign.com\/wp-content\/uploads\/036.jpg 1966w\" sizes=\"auto, (max-width: 1024px) 100vw, 1024px\" \/><\/figure>\n<\/div>\n<\/div>\n\n\n\n<figure class=\"wp-block-image size-large\"><img loading=\"lazy\" decoding=\"async\" width=\"1024\" height=\"683\" src=\"https:\/\/www.gannetdesign.com\/wp-content\/uploads\/\/005-1024x683.jpg\" alt=\"\" class=\"wp-image-3249\" srcset=\"https:\/\/www.gannetdesign.com\/wp-content\/uploads\/005-1024x683.jpg 1024w, https:\/\/www.gannetdesign.com\/wp-content\/uploads\/005-300x200.jpg 300w, https:\/\/www.gannetdesign.com\/wp-content\/uploads\/005-1536x1024.jpg 1536w, https:\/\/www.gannetdesign.com\/wp-content\/uploads\/005-400x267.jpg 400w, https:\/\/www.gannetdesign.com\/wp-content\/uploads\/005.jpg 1858w\" sizes=\"auto, (max-width: 1024px) 100vw, 1024px\" \/><\/figure>\n\n\n\n<p>Making off:<\/p>\n\n\n\n<figure class=\"wp-block-image size-large\"><img loading=\"lazy\" decoding=\"async\" width=\"1024\" height=\"683\" src=\"https:\/\/www.gannetdesign.com\/wp-content\/uploads\/\/001-Indian-ftr-1200-Final-Design-Rendering-1024x683.jpg\" alt=\"\" class=\"wp-image-3271\" srcset=\"https:\/\/www.gannetdesign.com\/wp-content\/uploads\/001-Indian-ftr-1200-Final-Design-Rendering-1024x683.jpg 1024w, https:\/\/www.gannetdesign.com\/wp-content\/uploads\/001-Indian-ftr-1200-Final-Design-Rendering-300x200.jpg 300w, https:\/\/www.gannetdesign.com\/wp-content\/uploads\/001-Indian-ftr-1200-Final-Design-Rendering-1536x1024.jpg 1536w, https:\/\/www.gannetdesign.com\/wp-content\/uploads\/001-Indian-ftr-1200-Final-Design-Rendering-400x267.jpg 400w, https:\/\/www.gannetdesign.com\/wp-content\/uploads\/001-Indian-ftr-1200-Final-Design-Rendering.jpg 1575w\" sizes=\"auto, (max-width: 1024px) 100vw, 1024px\" \/><\/figure>\n\n\n\n<div class=\"wp-block-columns is-layout-flex wp-container-core-columns-is-layout-9d6595d7 wp-block-columns-is-layout-flex\">\n<div class=\"wp-block-column is-layout-flow wp-block-column-is-layout-flow\">\n<figure class=\"wp-block-image size-large\"><img loading=\"lazy\" decoding=\"async\" width=\"1024\" height=\"768\" src=\"https:\/\/www.gannetdesign.com\/wp-content\/uploads\/\/Clay-modeling-1024x768.jpg\" alt=\"\" class=\"wp-image-3251\" srcset=\"https:\/\/www.gannetdesign.com\/wp-content\/uploads\/Clay-modeling-1024x768.jpg 1024w, https:\/\/www.gannetdesign.com\/wp-content\/uploads\/Clay-modeling-300x225.jpg 300w, https:\/\/www.gannetdesign.com\/wp-content\/uploads\/Clay-modeling-1536x1152.jpg 1536w, https:\/\/www.gannetdesign.com\/wp-content\/uploads\/Clay-modeling.jpg 1701w\" sizes=\"auto, (max-width: 1024px) 100vw, 1024px\" \/><\/figure>\n<\/div>\n\n\n\n<div class=\"wp-block-column is-layout-flow wp-block-column-is-layout-flow\">\n<figure class=\"wp-block-image size-large\"><img loading=\"lazy\" decoding=\"async\" width=\"1024\" height=\"768\" src=\"https:\/\/www.gannetdesign.com\/wp-content\/uploads\/\/Claymodeling-2-1024x768.jpg\" alt=\"\" class=\"wp-image-3253\" srcset=\"https:\/\/www.gannetdesign.com\/wp-content\/uploads\/Claymodeling-2-1024x768.jpg 1024w, https:\/\/www.gannetdesign.com\/wp-content\/uploads\/Claymodeling-2-300x225.jpg 300w, https:\/\/www.gannetdesign.com\/wp-content\/uploads\/Claymodeling-2-1536x1152.jpg 1536w, https:\/\/www.gannetdesign.com\/wp-content\/uploads\/Claymodeling-2.jpg 1701w\" sizes=\"auto, (max-width: 1024px) 100vw, 1024px\" \/><\/figure>\n<\/div>\n<\/div>\n\n\n\n<div class=\"wp-block-columns is-layout-flex wp-container-core-columns-is-layout-9d6595d7 wp-block-columns-is-layout-flex\">\n<div class=\"wp-block-column is-layout-flow wp-block-column-is-layout-flow\">\n<figure class=\"wp-block-image size-large\"><img loading=\"lazy\" decoding=\"async\" width=\"768\" height=\"1024\" src=\"https:\/\/www.gannetdesign.com\/wp-content\/uploads\/\/custom-parts-2-768x1024.jpg\" alt=\"\" class=\"wp-image-3255\" srcset=\"https:\/\/www.gannetdesign.com\/wp-content\/uploads\/custom-parts-2-768x1024.jpg 768w, https:\/\/www.gannetdesign.com\/wp-content\/uploads\/custom-parts-2-225x300.jpg 225w, https:\/\/www.gannetdesign.com\/wp-content\/uploads\/custom-parts-2-1152x1536.jpg 1152w, https:\/\/www.gannetdesign.com\/wp-content\/uploads\/custom-parts-2.jpg 1276w\" sizes=\"auto, (max-width: 768px) 100vw, 768px\" \/><\/figure>\n<\/div>\n\n\n\n<div class=\"wp-block-column is-layout-flow wp-block-column-is-layout-flow\">\n<figure class=\"wp-block-image size-large\"><img loading=\"lazy\" decoding=\"async\" width=\"768\" height=\"1024\" src=\"https:\/\/www.gannetdesign.com\/wp-content\/uploads\/\/custom-parts-6-768x1024.jpg\" alt=\"\" class=\"wp-image-3257\" srcset=\"https:\/\/www.gannetdesign.com\/wp-content\/uploads\/custom-parts-6-768x1024.jpg 768w, https:\/\/www.gannetdesign.com\/wp-content\/uploads\/custom-parts-6-225x300.jpg 225w, https:\/\/www.gannetdesign.com\/wp-content\/uploads\/custom-parts-6-1152x1536.jpg 1152w, https:\/\/www.gannetdesign.com\/wp-content\/uploads\/custom-parts-6.jpg 1276w\" sizes=\"auto, (max-width: 768px) 100vw, 768px\" \/><\/figure>\n<\/div>\n\n\n\n<div class=\"wp-block-column is-layout-flow wp-block-column-is-layout-flow\">\n<figure class=\"wp-block-image size-large\"><img loading=\"lazy\" decoding=\"async\" width=\"768\" height=\"1024\" src=\"https:\/\/www.gannetdesign.com\/wp-content\/uploads\/\/custom-parts-3-768x1024.jpg\" alt=\"\" class=\"wp-image-3259\" srcset=\"https:\/\/www.gannetdesign.com\/wp-content\/uploads\/custom-parts-3-768x1024.jpg 768w, https:\/\/www.gannetdesign.com\/wp-content\/uploads\/custom-parts-3-225x300.jpg 225w, https:\/\/www.gannetdesign.com\/wp-content\/uploads\/custom-parts-3-1152x1536.jpg 1152w, https:\/\/www.gannetdesign.com\/wp-content\/uploads\/custom-parts-3.jpg 1276w\" sizes=\"auto, (max-width: 768px) 100vw, 768px\" \/><\/figure>\n<\/div>\n<\/div>\n\n\n\n<div class=\"wp-block-columns is-layout-flex wp-container-core-columns-is-layout-9d6595d7 wp-block-columns-is-layout-flex\">\n<div class=\"wp-block-column is-layout-flow wp-block-column-is-layout-flow\">\n<figure class=\"wp-block-image size-large\"><img loading=\"lazy\" decoding=\"async\" width=\"1024\" height=\"768\" src=\"https:\/\/www.gannetdesign.com\/wp-content\/uploads\/\/custom-parts-4-1024x768.jpg\" alt=\"\" class=\"wp-image-3261\" srcset=\"https:\/\/www.gannetdesign.com\/wp-content\/uploads\/custom-parts-4-1024x768.jpg 1024w, https:\/\/www.gannetdesign.com\/wp-content\/uploads\/custom-parts-4-300x225.jpg 300w, https:\/\/www.gannetdesign.com\/wp-content\/uploads\/custom-parts-4-1536x1152.jpg 1536w, https:\/\/www.gannetdesign.com\/wp-content\/uploads\/custom-parts-4.jpg 1701w\" sizes=\"auto, (max-width: 1024px) 100vw, 1024px\" \/><\/figure>\n<\/div>\n\n\n\n<div class=\"wp-block-column is-layout-flow wp-block-column-is-layout-flow\">\n<figure class=\"wp-block-image size-large\"><img loading=\"lazy\" decoding=\"async\" width=\"1024\" height=\"768\" src=\"https:\/\/www.gannetdesign.com\/wp-content\/uploads\/\/electric-2-1024x768.jpg\" alt=\"\" class=\"wp-image-3263\" srcset=\"https:\/\/www.gannetdesign.com\/wp-content\/uploads\/electric-2-1024x768.jpg 1024w, https:\/\/www.gannetdesign.com\/wp-content\/uploads\/electric-2-300x225.jpg 300w, https:\/\/www.gannetdesign.com\/wp-content\/uploads\/electric-2-1536x1152.jpg 1536w, https:\/\/www.gannetdesign.com\/wp-content\/uploads\/electric-2.jpg 1701w\" sizes=\"auto, (max-width: 1024px) 100vw, 1024px\" \/><\/figure>\n<\/div>\n<\/div>\n\n\n\n<figure class=\"wp-block-image size-large\"><img loading=\"lazy\" decoding=\"async\" width=\"861\" height=\"1024\" src=\"https:\/\/www.gannetdesign.com\/wp-content\/uploads\/\/002-before-after-design-861x1024.jpg\" alt=\"\" class=\"wp-image-3287\" srcset=\"https:\/\/www.gannetdesign.com\/wp-content\/uploads\/002-before-after-design-861x1024.jpg 861w, https:\/\/www.gannetdesign.com\/wp-content\/uploads\/002-before-after-design-252x300.jpg 252w, https:\/\/www.gannetdesign.com\/wp-content\/uploads\/002-before-after-design-1291x1536.jpg 1291w, https:\/\/www.gannetdesign.com\/wp-content\/uploads\/002-before-after-design.jpg 1430w\" sizes=\"auto, (max-width: 861px) 100vw, 861px\" \/><\/figure>\n","protected":false},"excerpt":{"rendered":"<p>Die anf\u00e4nglichen Designskizzen und Renderings wurden zun\u00e4chst in ein Tonmodell \u00fcbersetzt, um die Form in 3D zur Vorbereitung der Metallarbeiten zu finden.Das Handwerkerteam arbeitete dann mit seiner Magie und formte <a class=\"more-link\" href=\"https:\/\/www.gannetdesign.com\/?page_id=3367&#038;lang=de\">read more \u2192<\/a><\/p>\n","protected":false},"author":2,"featured_media":0,"parent":0,"menu_order":0,"comment_status":"closed","ping_status":"closed","template":"","meta":{"footnotes":""},"class_list":["post-3367","page","type-page","status-publish","hentry"],"_links":{"self":[{"href":"https:\/\/www.gannetdesign.com\/index.php?rest_route=\/wp\/v2\/pages\/3367","targetHints":{"allow":["GET"]}}],"collection":[{"href":"https:\/\/www.gannetdesign.com\/index.php?rest_route=\/wp\/v2\/pages"}],"about":[{"href":"https:\/\/www.gannetdesign.com\/index.php?rest_route=\/wp\/v2\/types\/page"}],"author":[{"embeddable":true,"href":"https:\/\/www.gannetdesign.com\/index.php?rest_route=\/wp\/v2\/users\/2"}],"replies":[{"embeddable":true,"href":"https:\/\/www.gannetdesign.com\/index.php?rest_route=%2Fwp%2Fv2%2Fcomments&post=3367"}],"version-history":[{"count":3,"href":"https:\/\/www.gannetdesign.com\/index.php?rest_route=\/wp\/v2\/pages\/3367\/revisions"}],"predecessor-version":[{"id":3370,"href":"https:\/\/www.gannetdesign.com\/index.php?rest_route=\/wp\/v2\/pages\/3367\/revisions\/3370"}],"wp:attachment":[{"href":"https:\/\/www.gannetdesign.com\/index.php?rest_route=%2Fwp%2Fv2%2Fmedia&parent=3367"}],"curies":[{"name":"wp","href":"https:\/\/api.w.org\/{rel}","templated":true}]}}